{"id":320,"date":"2013-03-30T11:00:57","date_gmt":"2013-03-30T11:00:57","guid":{"rendered":"http:\/\/www.myweddinginitaly.info\/?page_id=320"},"modified":"2021-05-01T20:25:20","modified_gmt":"2021-05-01T20:25:20","slug":"work-with-us","status":"publish","type":"page","link":"https:\/\/www.myweddinginitaly.info\/pb\/work-with-us\/","title":{"rendered":"Trabalhe Conosco!"},"content":{"rendered":"<p>Voc\u00ea \u00e9 um Celebrante de Casamento experiente? Voc\u00ea fala Russo ou Ingl\u00eas fluentemente?<\/p>\n<p>Por favor nos envie seu CV com imagens de suas cerim\u00f4nias, a \u00e1rea onde voc\u00ea se baseia e onde voc\u00ea pode operar, e n\u00f3s iremos contat\u00e1-lo para uma entrevista.<\/p>\n<p>N\u00f3s estamos procurando por celebrantes especialistas em Sardenha, Sic\u00edlia, Abruzzo e Toscana.<\/p>\n<p>N\u00f3s precisamos sobretudo de celebrantes Nativos Russos, que tamb\u00e9m sejam fluentes em Italiano e\/ou Ingl\u00eas, mas se voc\u00ea fala outros idiomas, ou cobre \u00e1reas n\u00e3o mencionadas aqui, por favor n\u00e3o evite mandar suas ofertas de servi\u00e7o. N\u00f3s recebemos muitos pedidos diariamente e pode haver vaga para o seu perfil no meio dos nossos celebrantes.<\/p>\n<p>*indica campo obrigat\u00f3rio<\/p>\n<p>\n\n<!-- Fast Secure Contact Form plugin 4.0.57 - begin - FastSecureContactForm.com -->\r\n<div style=\"clear:both;\"><\/div>\n\r\n<div id=\"FSContact1\" style=\"width:99%;\">\r\n<form enctype=\"multipart\/form-data\" action=\"\/pb\/wp-json\/wp\/v2\/pages\/320#FSContact1\" id=\"fscf_form1\" method=\"post\">\r\n\n<div id=\"fscf_required1\">\n  <span style=\"text-align:left;\">*<\/span> <span style=\"text-align:left;\">indicates required field<\/span>\n<\/div>\n\n\n<div id=\"fscf_div_clear1_0\" style=\"clear:both;\">\n  <div id=\"fscf_div_field1_0\" style=\"clear:left; float:left; width:99%; max-width:550px; margin-right:10px;\">\r\n    <div style=\"text-align:left; padding-top:5px;\">\n      <label style=\"text-align:left;\" for=\"fscf_name1\">Name:<span style=\"text-align:left;\">*<\/span><\/label>\n    <\/div>\r\n    <div style=\"text-align:left;\">\r\n      <input style=\"text-align:left; margin:0;\" type=\"text\" id=\"fscf_name1\" name=\"full_name\" value=\"\"  \/>\r\n    <\/div>\r\n  <\/div>\n<\/div>\n\n<div id=\"fscf_div_clear1_1\" style=\"clear:both;\">\n  <div id=\"fscf_div_field1_1\" style=\"clear:left; float:left; width:99%; max-width:550px; margin-right:10px;\">\n    <div style=\"text-align:left; padding-top:5px;\">\n      <label style=\"text-align:left;\" for=\"fscf_email1\">Email:<span style=\"text-align:left;\">*<\/span><\/label>\n    <\/div>\n    <div style=\"text-align:left;\">\n      <input style=\"text-align:left; margin:0;\" type=\"text\" id=\"fscf_email1\" name=\"email\" value=\"\"  \/>\n    <\/div>\n  <\/div>\n<\/div>\n\n<div id=\"fscf_div_clear1_1_2\" style=\"clear:both;\">\n  <div id=\"fscf_div_field1_1_2\" style=\"clear:left; float:left; width:99%; max-width:550px; margin-right:10px;\">\n    <div style=\"text-align:left; padding-top:5px;\">\n      <label style=\"text-align:left;\" for=\"fscf_email1_2\">Re-enter Email:<span style=\"text-align:left;\">*<\/span><\/label>\n    <\/div>\n    <div style=\"text-align:left;\">\n      <input style=\"text-align:left; margin:0;\" type=\"text\" id=\"fscf_email1_2\" name=\"email2\" value=\"\"  \/>\n    <\/div>\n  <\/div>\n<\/div>\n\n<div id=\"fscf_div_clear1_3\" style=\"clear:both;\">\n  <div id=\"fscf_div_field1_3\" style=\"clear:left; float:left; width:99%; max-width:550px; margin-right:10px;\">\n    <div style=\"text-align:left; padding-top:5px;\">\n      <label style=\"text-align:left;\" for=\"fscf_field1_3\">Message:<span style=\"text-align:left;\">*<\/span><\/label>\n    <\/div>\n    <div style=\"text-align:left;\">\n      <textarea style=\"text-align:left; margin:0; width:99%; max-width:250px; height:120px;\" id=\"fscf_field1_3\" name=\"message\" cols=\"30\" rows=\"10\" ><\/textarea>\n    <\/div>\n  <\/div>\n<\/div>\n\n<div id=\"fscf_div_clear1_4\" style=\"clear:both;\">\n  <div id=\"fscf_div_field1_4\" style=\"clear:left; float:left; width:99%; max-width:550px; margin-right:10px;\">\n    <div  id=\"fscf_label1_4\" style=\"text-align:left; padding-top:5px;\">\r\n      <label style=\"text-align:left;\" for=\"fscf_field1_4\">Website<\/label>\n    <\/div>\n    <div style=\"text-align:left;\">\n      <input style=\"text-align:left; margin:0;\" type=\"url\" id=\"fscf_field1_4\" name=\"website\" value=\"\"  \/>\n    <\/div>\n  <\/div>\n<\/div>\n\n<div id=\"fscf_div_clear1_5\" style=\"clear:both;\">\n  <div id=\"fscf_div_field1_5\" style=\"clear:left; float:left; width:99%; max-width:550px; margin-right:10px;\">\n    <div  id=\"fscf_label1_5\" style=\"text-align:left; padding-top:5px;\">\r\n      <label style=\"text-align:left;\" for=\"fscf_field1_5\">Certification\/Qualification<span style=\"text-align:left;\">*<\/span><\/label>\n    <\/div>\n    <div style=\"text-align:left;\">\n      <input style=\"text-align:left; margin:0;\" type=\"text\" id=\"fscf_field1_5\" name=\"certificationqualification\" value=\"\"  \/>\n    <\/div>\n  <\/div>\n<\/div>\n\n<div id=\"fscf_div_clear1_6\" style=\"clear:both;\">\n  <div id=\"fscf_div_field1_6\" style=\"clear:left; float:left; width:99%; max-width:550px; margin-right:10px;\">\n    <div  id=\"fscf_label1_6\" style=\"text-align:left; padding-top:5px;\">\r\n      <label style=\"text-align:left;\" for=\"fscf_field1_6\">Area Covered:<span style=\"text-align:left;\">*<\/span><\/label>\n    <\/div>\n    <div style=\"text-align:left;\">\n      <span><input type=\"checkbox\" style=\"width:13px;\" id=\"fscf_field1_6_1\" name=\"area-covered[1]\" value=\"1\" \/> <label style=\"display:inline;\" for=\"fscf_field1_6_1\">Sicily<\/label><\/span>\n      <span><input type=\"checkbox\" style=\"width:13px;\" id=\"fscf_field1_6_2\" name=\"area-covered[2]\" value=\"2\" \/> <label style=\"display:inline;\" for=\"fscf_field1_6_2\">Sardinia<\/label><\/span>\n      <span><input type=\"checkbox\" style=\"width:13px;\" id=\"fscf_field1_6_3\" name=\"area-covered[3]\" value=\"3\" \/> <label style=\"display:inline;\" for=\"fscf_field1_6_3\">Abruzzo<\/label><\/span>\n      <span><input type=\"checkbox\" style=\"width:13px;\" id=\"fscf_field1_6_4\" name=\"area-covered[4]\" value=\"4\" \/> <label style=\"display:inline;\" for=\"fscf_field1_6_4\">Venice<\/label><\/span>\n      <span><input type=\"checkbox\" style=\"width:13px;\" id=\"fscf_field1_6_5\" name=\"area-covered[5]\" value=\"5\" \/> <label style=\"display:inline;\" for=\"fscf_field1_6_5\">Tuscany<\/label><\/span>\n      <span><input type=\"checkbox\" style=\"width:13px;\" id=\"fscf_field1_6_6\" name=\"area-covered[6]\" value=\"6\" \/> <label style=\"display:inline;\" for=\"fscf_field1_6_6\">Other<\/label><\/span>\n    <\/div>\n  <\/div>\n<\/div>\n\n<div id=\"fscf_div_clear1_7\" style=\"clear:both;\">\n  <div id=\"fscf_div_field1_7\" style=\"clear:left; float:left; width:99%; max-width:550px; margin-right:10px;\">\n    <div  id=\"fscf_label1_7\" style=\"text-align:left; padding-top:5px;\">\r\n      <label style=\"text-align:left;\" for=\"fscf_field1_7\">Mother Tongue<span style=\"text-align:left;\">*<\/span><\/label>\n    <\/div>\n    <div style=\"text-align:left;\">\n      <input style=\"text-align:left; margin:0;\" type=\"text\" id=\"fscf_field1_7\" name=\"mother-tongue\" value=\"\"  \/>\n    <\/div>\n  <\/div>\n<\/div>\n\n<div id=\"fscf_div_clear1_8\" style=\"clear:both;\">\n  <div id=\"fscf_div_field1_8\" style=\"clear:left; float:left; width:99%; max-width:550px; margin-right:10px;\">\n    <div  id=\"fscf_label1_8\" style=\"text-align:left; padding-top:5px;\">\r\n      <label style=\"text-align:left;\" for=\"fscf_field1_8\">Other Fluently Spoken Laguages<span style=\"text-align:left;\">*<\/span><\/label>\n    <\/div>\n    <div style=\"text-align:left;\">\n      <input style=\"text-align:left; margin:0;\" type=\"text\" id=\"fscf_field1_8\" name=\"other-fluently-spoken-laguages\" value=\"\"  \/>\n    <\/div>\n  <\/div>\n<\/div>\n\n<div id=\"fscf_div_clear1_9\" style=\"clear:both;\">\n  <div id=\"fscf_div_field1_9\" style=\"clear:left; float:left; width:99%; max-width:550px; margin-right:10px;\">\n    <div  id=\"fscf_label1_9\" style=\"text-align:left; padding-top:5px;\">\r\n      <label style=\"text-align:left;\" for=\"fscf_field1_9\">Years of Experience<span style=\"text-align:left;\">*<\/span><\/label>\n    <\/div>\n    <div style=\"text-align:left;\">\n      <input style=\"text-align:left; margin:0;\" type=\"text\" id=\"fscf_field1_9\" name=\"years-of-experience\" value=\"\"  \/>\n    <\/div>\n  <\/div>\n<\/div>\n\n<div id=\"fscf_div_clear1_10\" style=\"clear:both;\">\n  <div id=\"fscf_div_field1_10\" style=\"clear:left; float:left; width:99%; max-width:550px; margin-right:10px;\">\n    <div  id=\"fscf_label1_10\" style=\"text-align:left; padding-top:5px;\">\r\n      <label style=\"text-align:left;\" for=\"fscf_field1_10\">Attach Your CV<span style=\"text-align:left;\">*<\/span><\/label>\n    <\/div>\n    <div style=\"text-align:left;\">\n      <input style=\"text-align:left; margin:0;\" type=\"file\" id=\"fscf_field1_10\" name=\"attach-your-cv\"  size=\"20\" \/><br \/>\n      <span id=\"fscf_hint_file_types1_10\" style=\"font-size:x-small; font-weight:normal;\">Acceptable file types: doc,pdf,txt,gif,jpg,jpeg,png.<br \/>Maximum file size: 1mb.<\/span>\n    <\/div>\n  <\/div>\n<\/div>\n\n<div id=\"fscf_div_clear1_11\" style=\"clear:both;\">\n  <div id=\"fscf_div_field1_11\" style=\"clear:left; float:left; width:99%; max-width:550px; margin-right:10px;\">\n    <div  id=\"fscf_label1_11\" style=\"text-align:left; padding-top:5px;\">\r\n      <label style=\"text-align:left;\" for=\"fscf_field1_11\">Send us images of you celebrating<\/label>\n    <\/div>\n    <div style=\"text-align:left;\">\n      <input style=\"text-align:left; margin:0;\" type=\"file\" id=\"fscf_field1_11\" name=\"send-us-images-of-you-celebrating\"  size=\"20\" \/>    <\/div>\n  <\/div>\n<\/div>\r\n<div style=\"clear:both;\"><\/div>\n\n<div style=\"text-align:left; padding-top:5px;\">\n<\/div>\n<div id=\"fscf_captcha_image_div1\" style=\"width:250px; height:65px; padding-top:2px;\">\n      <img loading=\"lazy\" decoding=\"async\" id=\"fscf_captcha_image1\" style=\"border-style:none; margin:0; padding:0px; padding-right:5px; float:left;\" src=\"https:\/\/www.myweddinginitaly.info\/wp-content\/plugins\/si-contact-form\/captcha\/securimage_show.php?prefix=tRptTg4H6RT7VAGk\" width=\"175\" height=\"60\" alt=\"CAPTCHA\" title=\"CAPTCHA\" \/>\n      <input id=\"fscf_captcha_prefix1\" type=\"hidden\" name=\"fscf_captcha_prefix1\" value=\"tRptTg4H6RT7VAGk\" \/>\n     <div id=\"fscf_captcha_refresh1\">\n        <a href=\"#\" rel=\"nofollow\" title=\"Refresh\" onclick=\"fscf_captcha_refresh('1','\/wp-content\/plugins\/si-contact-form\/captcha','https:\/\/www.myweddinginitaly.info\/wp-content\/plugins\/si-contact-form\/captcha\/securimage_show.php?prefix='); return false;\">\n        <img loading=\"lazy\" decoding=\"async\" src=\"https:\/\/www.myweddinginitaly.info\/wp-content\/plugins\/si-contact-form\/captcha\/images\/refresh.png\" width=\"22\" height=\"20\" alt=\"Refresh\" style=\"border-style:none; margin:0; padding:0px; vertical-align:bottom;\" onclick=\"this.blur();\" \/><\/a>\r\n     <\/div>\r\n<\/div>\r\n\r\n<div id=\"fscf_captcha_field1\" style=\"text-align:left; padding-top:5px;\">\r\n     <label style=\"text-align:left;\" for=\"fscf_captcha_code1\">CAPTCHA Code:<span style=\"text-align:left;\">*<\/span><\/label>\r\n<\/div>\r\n<div style=\"text-align:left;\">\n     <input style=\"text-align:left; margin:0; width:50px;\" type=\"text\" value=\"\" autocomplete=\"off\" id=\"fscf_captcha_code1\" name=\"captcha_code\"  \/>\n<\/div>\n\n<div id=\"fscf_submit_div1\" style=\"text-align:left; padding-top:2px;\">\r\n\t\t<input type=\"submit\" id=\"fscf_submit1\" style=\"cursor:pointer; margin:0;\" value=\"Enviar\"  onclick=\"return confirm('Are you sure?')\" \/> \n<\/div>\n\n<input type=\"hidden\" name=\"fscf_submitted\" value=\"0\" \/>\n<input type=\"hidden\" name=\"fs_postonce_1\" value=\"4e52150c930b4708357e10fcfdd6a0de,1778310817\" \/>\n<input type=\"hidden\" name=\"si_contact_action\" value=\"send\" \/>\n<input type=\"hidden\" name=\"form_id\" value=\"1\" \/>\n<input type=\"hidden\" name=\"mailto_id\" value=\"1\" \/>\n\n<\/form>\n<\/div>\r\n<div style=\"clear:both;\"><\/div>\n\n<!-- Fast Secure Contact Form plugin 4.0.57 - end - FastSecureContactForm.com -->\n<\/p>","protected":false},"excerpt":{"rendered":"<p>Voc\u00ea \u00e9 um Celebrante de Casamento experiente? Voc\u00ea fala Russo ou Ingl\u00eas fluentemente? Por favor nos envie seu CV com imagens de suas cerim\u00f4nias, a \u00e1rea onde voc\u00ea se baseia e onde voc\u00ea pode operar, e n\u00f3s iremos contat\u00e1-lo para uma entrevista. N\u00f3s estamos procurando por celebrantes especialistas em Sardenha, Sic\u00edlia, Abruzzo e Toscana. N\u00f3s &hellip; <\/p>\n<p class=\"link-more\"><a href=\"https:\/\/www.myweddinginitaly.info\/pb\/work-with-us\/\" class=\"more-link\">Continue lendo<span class=\"screen-reader-text\"> &#8220;Trabalhe Conosco!&#8221;<\/span><\/a><\/p>\n","protected":false},"author":1,"featured_media":0,"parent":0,"menu_order":0,"comment_status":"closed","ping_status":"open","template":"","meta":{"_glsr_average":0,"_glsr_ranking":0,"_glsr_reviews":0,"footnotes":""},"class_list":["post-320","page","type-page","status-publish","hentry"],"yoast_head":"<!-- This site is optimized with the Yoast SEO plugin v26.8 - https:\/\/yoast.com\/product\/yoast-seo-wordpress\/ -->\n<title>Trabalhe Conosco! - Celebrantes de Casamento na It\u00e1lia<\/title>\n<meta name=\"robots\" content=\"index, follow, max-snippet:-1, max-image-preview:large, max-video-preview:-1\" \/>\n<link rel=\"canonical\" href=\"https:\/\/www.myweddinginitaly.info\/de\/work-with-us\/\" \/>\n<meta property=\"og:locale\" content=\"pt_BR\" \/>\n<meta property=\"og:type\" content=\"article\" \/>\n<meta property=\"og:title\" content=\"Trabalhe Conosco! - Celebrantes de Casamento na It\u00e1lia\" \/>\n<meta property=\"og:description\" content=\"Voc\u00ea \u00e9 um Celebrante de Casamento experiente? Voc\u00ea fala Russo ou Ingl\u00eas fluentemente? Por favor nos envie seu CV com imagens de suas cerim\u00f4nias, a \u00e1rea onde voc\u00ea se baseia e onde voc\u00ea pode operar, e n\u00f3s iremos contat\u00e1-lo para uma entrevista. N\u00f3s estamos procurando por celebrantes especialistas em Sardenha, Sic\u00edlia, Abruzzo e Toscana. N\u00f3s &hellip; Continue lendo &quot;Trabalhe Conosco!&quot;\" \/>\n<meta property=\"og:url\" content=\"https:\/\/www.myweddinginitaly.info\/de\/work-with-us\/\" \/>\n<meta property=\"og:site_name\" content=\"[:en]Wedding Celebrants in Italy [:it]Celebranti di Matrimonio in Italia [:fr]Officiants de Mariage en Italie [:pb]Celebrantes de Casamento na It\u00e1lia [:de]Hochzeitsredner in Italien [:ru]\u0421\u0432\u0430\u0434\u0435\u0431\u043d\u044b\u0435 \u0446\u0435\u0440\u0435\u043c\u043e\u043d\u0438\u0439\u043c\u0435\u0439\u0441\u0442\u0435\u0440\u044b \u0432 \u0418\u0442\u0430\u043b\u0438\u0438 [:es]Celebrantes de Bodas en Italia [:]\" \/>\n<meta property=\"article:publisher\" content=\"https:\/\/www.facebook.com\/ItalianWeddingCelebrant\" \/>\n<meta property=\"article:modified_time\" content=\"2021-05-01T20:25:20+00:00\" \/>\n<meta name=\"twitter:label1\" content=\"Est. tempo de leitura\" \/>\n\t<meta name=\"twitter:data1\" content=\"1 minuto\" \/>\n<script type=\"application\/ld+json\" class=\"yoast-schema-graph\">{\"@context\":\"https:\/\/schema.org\",\"@graph\":[{\"@type\":\"WebPage\",\"@id\":\"https:\/\/www.myweddinginitaly.info\/de\/work-with-us\/\",\"url\":\"https:\/\/www.myweddinginitaly.info\/de\/work-with-us\/\",\"name\":\"Trabalhe Conosco! - Celebrantes de Casamento na It\u00e1lia\",\"isPartOf\":{\"@id\":\"https:\/\/www.myweddinginitaly.info\/#website\"},\"datePublished\":\"2013-03-30T11:00:57+00:00\",\"dateModified\":\"2021-05-01T20:25:20+00:00\",\"breadcrumb\":{\"@id\":\"https:\/\/www.myweddinginitaly.info\/de\/work-with-us\/#breadcrumb\"},\"inLanguage\":\"pt-BR\",\"potentialAction\":[{\"@type\":\"ReadAction\",\"target\":[\"https:\/\/www.myweddinginitaly.info\/de\/work-with-us\/\"]}]},{\"@type\":\"BreadcrumbList\",\"@id\":\"https:\/\/www.myweddinginitaly.info\/de\/work-with-us\/#breadcrumb\",\"itemListElement\":[{\"@type\":\"ListItem\",\"position\":1,\"name\":\"Home\",\"item\":\"https:\/\/www.myweddinginitaly.info\/\"},{\"@type\":\"ListItem\",\"position\":2,\"name\":\"(English) Work With Us\"}]},{\"@type\":\"WebSite\",\"@id\":\"https:\/\/www.myweddinginitaly.info\/#website\",\"url\":\"https:\/\/www.myweddinginitaly.info\/\",\"name\":\"[:en]Wedding Celebrants in Italy [:it]Celebranti di Matrimonio in Italia [:fr]Officiants de Mariage en Italie [:pb]Celebrantes de Casamento na It\u00e1lia [:de]Hochzeitsredner in Italien [:ru]\u0421\u0432\u0430\u0434\u0435\u0431\u043d\u044b\u0435 \u0446\u0435\u0440\u0435\u043c\u043e\u043d\u0438\u0439\u043c\u0435\u0439\u0441\u0442\u0435\u0440\u044b \u0432 \u0418\u0442\u0430\u043b\u0438\u0438 [:es]Celebrantes de Bodas en Italia [:]\",\"description\":\"[:en]Symbolic and civil wedding ceremonies celebrated in Italy, humanist and non-denominational. Friends of the LGBTQ+ community[:it]Cerimonie di matrimonio simboliche e civili celebrate in Italia, umaniste e laiche. Amici della comunit\u00e0 LGBTQ+[:fr]C\u00e9r\u00e9monies de mariage symboliques et civiles c\u00e9l\u00e9br\u00e9es en Italie, humanistes et non confessionnelles. Amis de la communaut\u00e9 LGBTQ+[:pb]Cerim\u00f4nias de casamento simb\u00f3licas e civis celebradas na It\u00e1lia, humanistas e n\u00e3o confessionais. Amigos da comunidade LGBTQ+[:de]Symbolische und zivile Hochzeitszeremonien in Italien, humanistisch und konfessionsfrei. Freunde der LGBTQ+-Community[:ru]\u0421\u0438\u043c\u0432\u043e\u043b\u0438\u0447\u0435\u0441\u043a\u0438\u0435 \u0438 \u0433\u0440\u0430\u0436\u0434\u0430\u043d\u0441\u043a\u0438\u0435 \u0441\u0432\u0430\u0434\u0435\u0431\u043d\u044b\u0435 \u0446\u0435\u0440\u0435\u043c\u043e\u043d\u0438\u0438 \u0432 \u0418\u0442\u0430\u043b\u0438\u0438, \u0433\u0443\u043c\u0430\u043d\u0438\u0441\u0442\u0438\u0447\u0435\u0441\u043a\u0438\u0435 \u0438 \u043d\u0435\u0440\u0435\u043b\u0438\u0433\u0438\u043e\u0437\u043d\u044b\u0435. \u0414\u0440\u0443\u0437\u044c\u044f \u0441\u043e\u043e\u0431\u0449\u0435\u0441\u0442\u0432\u0430 LGBTQ+[:es]Ceremonias de boda simb\u00f3licas y civiles, humanistas y laicas, incluidas ceremonias para parejas del mismo sexo, celebradas en toda Italia - amigos de la comunidad LGBTQ+[:]\",\"publisher\":{\"@id\":\"https:\/\/www.myweddinginitaly.info\/#organization\"},\"potentialAction\":[{\"@type\":\"SearchAction\",\"target\":{\"@type\":\"EntryPoint\",\"urlTemplate\":\"https:\/\/www.myweddinginitaly.info\/?s={search_term_string}\"},\"query-input\":{\"@type\":\"PropertyValueSpecification\",\"valueRequired\":true,\"valueName\":\"search_term_string\"}}],\"inLanguage\":\"pt-BR\"},{\"@type\":\"Organization\",\"@id\":\"https:\/\/www.myweddinginitaly.info\/#organization\",\"name\":\"Italian Wedding Celebrants\",\"url\":\"https:\/\/www.myweddinginitaly.info\/\",\"logo\":{\"@type\":\"ImageObject\",\"inLanguage\":\"pt-BR\",\"@id\":\"https:\/\/www.myweddinginitaly.info\/#\/schema\/logo\/image\/\",\"url\":\"https:\/\/www.myweddinginitaly.info\/wp-content\/uploads\/2015\/04\/Italian-Wedding-Celebrants-iwc.png\",\"contentUrl\":\"https:\/\/www.myweddinginitaly.info\/wp-content\/uploads\/2015\/04\/Italian-Wedding-Celebrants-iwc.png\",\"width\":160,\"height\":160,\"caption\":\"Italian Wedding Celebrants\"},\"image\":{\"@id\":\"https:\/\/www.myweddinginitaly.info\/#\/schema\/logo\/image\/\"},\"sameAs\":[\"https:\/\/www.facebook.com\/ItalianWeddingCelebrant\",\"https:\/\/www.youtube.com\/channel\/UCfEUmdfZUSqr1sBCFL9epLw\"]}]}<\/script>\n<!-- \/ Yoast SEO plugin. -->","yoast_head_json":{"title":"Trabalhe Conosco! - Celebrantes de Casamento na It\u00e1lia","robots":{"index":"index","follow":"follow","max-snippet":"max-snippet:-1","max-image-preview":"max-image-preview:large","max-video-preview":"max-video-preview:-1"},"canonical":"https:\/\/www.myweddinginitaly.info\/de\/work-with-us\/","og_locale":"pt_BR","og_type":"article","og_title":"Trabalhe Conosco! - Celebrantes de Casamento na It\u00e1lia","og_description":"Voc\u00ea \u00e9 um Celebrante de Casamento experiente? Voc\u00ea fala Russo ou Ingl\u00eas fluentemente? Por favor nos envie seu CV com imagens de suas cerim\u00f4nias, a \u00e1rea onde voc\u00ea se baseia e onde voc\u00ea pode operar, e n\u00f3s iremos contat\u00e1-lo para uma entrevista. N\u00f3s estamos procurando por celebrantes especialistas em Sardenha, Sic\u00edlia, Abruzzo e Toscana. N\u00f3s &hellip; Continue lendo \"Trabalhe Conosco!\"","og_url":"https:\/\/www.myweddinginitaly.info\/de\/work-with-us\/","og_site_name":"[:en]Wedding Celebrants in Italy [:it]Celebranti di Matrimonio in Italia [:fr]Officiants de Mariage en Italie [:pb]Celebrantes de Casamento na It\u00e1lia [:de]Hochzeitsredner in Italien [:ru]\u0421\u0432\u0430\u0434\u0435\u0431\u043d\u044b\u0435 \u0446\u0435\u0440\u0435\u043c\u043e\u043d\u0438\u0439\u043c\u0435\u0439\u0441\u0442\u0435\u0440\u044b \u0432 \u0418\u0442\u0430\u043b\u0438\u0438 [:es]Celebrantes de Bodas en Italia [:]","article_publisher":"https:\/\/www.facebook.com\/ItalianWeddingCelebrant","article_modified_time":"2021-05-01T20:25:20+00:00","twitter_misc":{"Est. tempo de leitura":"1 minuto"},"schema":{"@context":"https:\/\/schema.org","@graph":[{"@type":"WebPage","@id":"https:\/\/www.myweddinginitaly.info\/de\/work-with-us\/","url":"https:\/\/www.myweddinginitaly.info\/de\/work-with-us\/","name":"Trabalhe Conosco! - Celebrantes de Casamento na It\u00e1lia","isPartOf":{"@id":"https:\/\/www.myweddinginitaly.info\/#website"},"datePublished":"2013-03-30T11:00:57+00:00","dateModified":"2021-05-01T20:25:20+00:00","breadcrumb":{"@id":"https:\/\/www.myweddinginitaly.info\/de\/work-with-us\/#breadcrumb"},"inLanguage":"pt-BR","potentialAction":[{"@type":"ReadAction","target":["https:\/\/www.myweddinginitaly.info\/de\/work-with-us\/"]}]},{"@type":"BreadcrumbList","@id":"https:\/\/www.myweddinginitaly.info\/de\/work-with-us\/#breadcrumb","itemListElement":[{"@type":"ListItem","position":1,"name":"Home","item":"https:\/\/www.myweddinginitaly.info\/"},{"@type":"ListItem","position":2,"name":"(English) Work With Us"}]},{"@type":"WebSite","@id":"https:\/\/www.myweddinginitaly.info\/#website","url":"https:\/\/www.myweddinginitaly.info\/","name":"[:en]Wedding Celebrants in Italy [:it]Celebranti di Matrimonio in Italia [:fr]Officiants de Mariage en Italie [:pb]Celebrantes de Casamento na It\u00e1lia [:de]Hochzeitsredner in Italien [:ru]\u0421\u0432\u0430\u0434\u0435\u0431\u043d\u044b\u0435 \u0446\u0435\u0440\u0435\u043c\u043e\u043d\u0438\u0439\u043c\u0435\u0439\u0441\u0442\u0435\u0440\u044b \u0432 \u0418\u0442\u0430\u043b\u0438\u0438 [:es]Celebrantes de Bodas en Italia [:]","description":"[:en]Symbolic and civil wedding ceremonies celebrated in Italy, humanist and non-denominational. Friends of the LGBTQ+ community[:it]Cerimonie di matrimonio simboliche e civili celebrate in Italia, umaniste e laiche. Amici della comunit\u00e0 LGBTQ+[:fr]C\u00e9r\u00e9monies de mariage symboliques et civiles c\u00e9l\u00e9br\u00e9es en Italie, humanistes et non confessionnelles. Amis de la communaut\u00e9 LGBTQ+[:pb]Cerim\u00f4nias de casamento simb\u00f3licas e civis celebradas na It\u00e1lia, humanistas e n\u00e3o confessionais. Amigos da comunidade LGBTQ+[:de]Symbolische und zivile Hochzeitszeremonien in Italien, humanistisch und konfessionsfrei. Freunde der LGBTQ+-Community[:ru]\u0421\u0438\u043c\u0432\u043e\u043b\u0438\u0447\u0435\u0441\u043a\u0438\u0435 \u0438 \u0433\u0440\u0430\u0436\u0434\u0430\u043d\u0441\u043a\u0438\u0435 \u0441\u0432\u0430\u0434\u0435\u0431\u043d\u044b\u0435 \u0446\u0435\u0440\u0435\u043c\u043e\u043d\u0438\u0438 \u0432 \u0418\u0442\u0430\u043b\u0438\u0438, \u0433\u0443\u043c\u0430\u043d\u0438\u0441\u0442\u0438\u0447\u0435\u0441\u043a\u0438\u0435 \u0438 \u043d\u0435\u0440\u0435\u043b\u0438\u0433\u0438\u043e\u0437\u043d\u044b\u0435. \u0414\u0440\u0443\u0437\u044c\u044f \u0441\u043e\u043e\u0431\u0449\u0435\u0441\u0442\u0432\u0430 LGBTQ+[:es]Ceremonias de boda simb\u00f3licas y civiles, humanistas y laicas, incluidas ceremonias para parejas del mismo sexo, celebradas en toda Italia - amigos de la comunidad LGBTQ+[:]","publisher":{"@id":"https:\/\/www.myweddinginitaly.info\/#organization"},"potentialAction":[{"@type":"SearchAction","target":{"@type":"EntryPoint","urlTemplate":"https:\/\/www.myweddinginitaly.info\/?s={search_term_string}"},"query-input":{"@type":"PropertyValueSpecification","valueRequired":true,"valueName":"search_term_string"}}],"inLanguage":"pt-BR"},{"@type":"Organization","@id":"https:\/\/www.myweddinginitaly.info\/#organization","name":"Italian Wedding Celebrants","url":"https:\/\/www.myweddinginitaly.info\/","logo":{"@type":"ImageObject","inLanguage":"pt-BR","@id":"https:\/\/www.myweddinginitaly.info\/#\/schema\/logo\/image\/","url":"https:\/\/www.myweddinginitaly.info\/wp-content\/uploads\/2015\/04\/Italian-Wedding-Celebrants-iwc.png","contentUrl":"https:\/\/www.myweddinginitaly.info\/wp-content\/uploads\/2015\/04\/Italian-Wedding-Celebrants-iwc.png","width":160,"height":160,"caption":"Italian Wedding Celebrants"},"image":{"@id":"https:\/\/www.myweddinginitaly.info\/#\/schema\/logo\/image\/"},"sameAs":["https:\/\/www.facebook.com\/ItalianWeddingCelebrant","https:\/\/www.youtube.com\/channel\/UCfEUmdfZUSqr1sBCFL9epLw"]}]}},"rttpg_featured_image_url":null,"rttpg_author":{"display_name":"Francesca","author_link":"https:\/\/www.myweddinginitaly.info\/pb\/author\/efffettif\/"},"rttpg_comment":0,"rttpg_category":null,"rttpg_excerpt":"Voc\u00ea \u00e9 um Celebrante de Casamento experiente? Voc\u00ea fala Russo ou Ingl\u00eas fluentemente? Por favor nos envie seu CV com imagens de suas cerim\u00f4nias, a \u00e1rea onde voc\u00ea se baseia e onde voc\u00ea pode operar, e n\u00f3s iremos contat\u00e1-lo para uma entrevista. N\u00f3s estamos procurando por celebrantes especialistas em Sardenha, Sic\u00edlia, Abruzzo e Toscana. N\u00f3s&hellip;","_links":{"self":[{"href":"https:\/\/www.myweddinginitaly.info\/pb\/wp-json\/wp\/v2\/pages\/320","targetHints":{"allow":["GET"]}}],"collection":[{"href":"https:\/\/www.myweddinginitaly.info\/pb\/wp-json\/wp\/v2\/pages"}],"about":[{"href":"https:\/\/www.myweddinginitaly.info\/pb\/wp-json\/wp\/v2\/types\/page"}],"author":[{"embeddable":true,"href":"https:\/\/www.myweddinginitaly.info\/pb\/wp-json\/wp\/v2\/users\/1"}],"replies":[{"embeddable":true,"href":"https:\/\/www.myweddinginitaly.info\/pb\/wp-json\/wp\/v2\/comments?post=320"}],"version-history":[{"count":19,"href":"https:\/\/www.myweddinginitaly.info\/pb\/wp-json\/wp\/v2\/pages\/320\/revisions"}],"predecessor-version":[{"id":1087,"href":"https:\/\/www.myweddinginitaly.info\/pb\/wp-json\/wp\/v2\/pages\/320\/revisions\/1087"}],"wp:attachment":[{"href":"https:\/\/www.myweddinginitaly.info\/pb\/wp-json\/wp\/v2\/media?parent=320"}],"curies":[{"name":"wp","href":"https:\/\/api.w.org\/{rel}","templated":true}]}}