{"id":31,"date":"2012-05-01T10:11:38","date_gmt":"2012-05-01T10:11:38","guid":{"rendered":"http:\/\/www.myweddinginitaly.info\/?page_id=31"},"modified":"2025-12-30T18:08:31","modified_gmt":"2025-12-30T18:08:31","slug":"privacy-policy","status":"publish","type":"page","link":"https:\/\/www.myweddinginitaly.info\/it\/privacy-policy\/","title":{"rendered":"Informativa sulla Privacy"},"content":{"rendered":"<p><\/p>\n<p class=\"p1\"><b>Ultimo aggiornamento: 30 dicembre 2025<\/b><b><\/b><\/p>\n<p class=\"p3\">La presente Informativa \u00e8 resa ai sensi del Regolamento (UE) 2016\/679 (GDPR) e della normativa italiana vigente in materia di protezione dei dati personali.<\/p>\n<p class=\"p3\">Italian Wedding Celebrants si impegna a tutelare i dati personali degli utenti e a trattarli in modo lecito, corretto e trasparente.<\/p>\n<hr \/>\n<h3><b>1. Titolare del trattamento<\/b><\/h3>\n<p class=\"p3\">Il Titolare del trattamento \u00e8:<\/p>\n<p class=\"p1\"><b>Italian Wedding Celebrants<\/b><b><\/b><\/p>\n<p class=\"p1\"><span class=\"s2\">coordinato da <\/span><b>Efffetti Exclusive Weddings in Italy<\/b><b><\/b><\/p>\n<p class=\"p3\">Email: info@myweddinginitaly.info<\/p>\n<p class=\"p3\">Per qualsiasi richiesta relativa al trattamento dei dati personali \u00e8 possibile contattare il Titolare ai recapiti sopra indicati.<\/p>\n<hr \/>\n<h3><b>2. Tipologie di dati trattati<\/b><\/h3>\n<p class=\"p3\">Possono essere trattati i seguenti dati personali:<\/p>\n<ul>\n<li>\n<p class=\"p1\">dati identificativi e di contatto (nome, email, numero di telefono)<\/p>\n<\/li>\n<li>\n<p class=\"p1\">informazioni fornite tramite moduli di contatto o richiesta di preventivo<\/p>\n<\/li>\n<li>\n<p class=\"p1\">dati tecnici (indirizzo IP, browser, dispositivo)<\/p>\n<\/li>\n<li>\n<p class=\"p1\">dati di navigazione del sito<\/p>\n<\/li>\n<li>\n<p class=\"p1\">informazioni necessarie per rispondere alle richieste e gestire le comunicazioni professionali<\/p>\n<\/li>\n<\/ul>\n<p class=\"p3\">Non vengono trattati intenzionalmente dati sensibili, salvo nei casi in cui siano espressamente forniti dall\u2019utente e necessari.<\/p>\n<hr \/>\n<h3><b>3. Finalit\u00e0 e basi giuridiche del trattamento<\/b><\/h3>\n<p class=\"p3\">I dati personali sono trattati per:<\/p>\n<ul>\n<li>\n<p class=\"p1\">rispondere a richieste di informazioni e preventivi<\/p>\n<\/li>\n<li>\n<p class=\"p1\">gestire comunicazioni professionali<\/p>\n<\/li>\n<li>\n<p class=\"p1\">adempiere a obblighi di legge<\/p>\n<\/li>\n<li>\n<p class=\"p1\">garantire la sicurezza del sito e prevenire abusi<\/p>\n<\/li>\n<li>\n<p class=\"p1\">analizzare il traffico e il funzionamento del sito<\/p>\n<\/li>\n<\/ul>\n<p class=\"p3\">Le basi giuridiche del trattamento sono:<\/p>\n<ul>\n<li>\n<p class=\"p1\">misure precontrattuali richieste dall\u2019interessato<\/p>\n<\/li>\n<li>\n<p class=\"p1\">legittimo interesse del Titolare<\/p>\n<\/li>\n<li>\n<p class=\"p1\">obblighi di legge<\/p>\n<\/li>\n<li>\n<p class=\"p1\">consenso, ove richiesto<\/p>\n<\/li>\n<\/ul>\n<hr \/>\n<h3><b>4. Modalit\u00e0 del trattamento<\/b><\/h3>\n<p class=\"p3\">Il trattamento avviene mediante strumenti elettronici e, ove necessario, cartacei, adottando misure tecniche e organizzative adeguate a garantire sicurezza e riservatezza.<\/p>\n<hr \/>\n<h3><b>5. Conferimento dei dati<\/b><\/h3>\n<p class=\"p3\">Il conferimento dei dati contrassegnati come obbligatori \u00e8 necessario per rispondere alle richieste.<\/p>\n<p class=\"p3\">Il mancato conferimento pu\u00f2 comportare l\u2019impossibilit\u00e0 di fornire il servizio richiesto.<\/p>\n<hr \/>\n<h3><b>6. Destinatari dei dati<\/b><\/h3>\n<p class=\"p3\">I dati possono essere conosciuti da collaboratori e soggetti autorizzati che operano nell\u2019ambito di:<\/p>\n<ul>\n<li>\n<p class=\"p1\">gestione amministrativa<\/p>\n<\/li>\n<li>\n<p class=\"p1\">comunicazione<\/p>\n<\/li>\n<li>\n<p class=\"p1\">manutenzione tecnica<\/p>\n<\/li>\n<\/ul>\n<p class=\"p3\">I dati possono essere comunicati ad autorit\u00e0 pubbliche solo nei casi previsti dalla legge.<\/p>\n<hr \/>\n<h3><b>7. Conservazione dei dati<\/b><\/h3>\n<p class=\"p3\">I dati sono conservati per il tempo strettamente necessario alle finalit\u00e0 per cui sono stati raccolti e nel rispetto degli obblighi di legge.<\/p>\n<hr \/>\n<h3><b>8. Diritti dell\u2019interessato<\/b><\/h3>\n<p class=\"p3\">Ai sensi degli articoli 15\u201322 GDPR, l\u2019interessato ha diritto a:<\/p>\n<ul>\n<li>\n<p class=\"p1\">accesso ai dati<\/p>\n<\/li>\n<li>\n<p class=\"p1\">rettifica o cancellazione<\/p>\n<\/li>\n<li>\n<p class=\"p1\">limitazione o opposizione al trattamento<\/p>\n<\/li>\n<li>\n<p class=\"p1\">portabilit\u00e0 dei dati<\/p>\n<\/li>\n<li>\n<p class=\"p1\">revoca del consenso<\/p>\n<\/li>\n<\/ul>\n<hr \/>\n<h3><b>9. Cookie e tecnologie di tracciamento<\/b><\/h3>\n<p class=\"p3\">Il sito utilizza cookie tecnici e di analisi.<\/p>\n<h4><b>Google Analytics<\/b><\/h4>\n<p class=\"p3\">Utilizzato per analisi statistiche anonime.<\/p>\n<p class=\"p3\">L\u2019anonimizzazione IP \u00e8 attiva ove applicabile.<\/p>\n<h4><b>Sicurezza e anti-spam<\/b><\/h4>\n<ul>\n<li>\n<p class=\"p1\">Akismet Anti-Spam<\/p>\n<\/li>\n<li>\n<p class=\"p1\">Wordfence Security<\/p>\n<\/li>\n<\/ul>\n<h4><b>Gestione cookie<\/b><\/h4>\n<p class=\"p3\">La gestione del consenso avviene tramite <span class=\"s3\"><b>CookieYes<\/b><\/span>.<\/p>\n<hr \/>\n<h3><b>10. Modifiche alla presente informativa<\/b><\/h3>\n<p class=\"p3\">La presente informativa pu\u00f2 essere aggiornata.<\/p>\n<p class=\"p3\">Le modifiche saranno pubblicate su questa pagina.<\/p>\n<p><\/p>","protected":false},"excerpt":{"rendered":"<p>Ultimo aggiornamento: 30 dicembre 2025 La presente Informativa \u00e8 resa ai sensi del Regolamento (UE) 2016\/679 (GDPR) e della normativa italiana vigente in materia di protezione dei dati personali. Italian Wedding Celebrants si impegna a tutelare i dati personali degli utenti e a trattarli in modo lecito, corretto e trasparente. 1. Titolare del trattamento Il &hellip; <\/p>\n<p class=\"link-more\"><a href=\"https:\/\/www.myweddinginitaly.info\/it\/privacy-policy\/\" class=\"more-link\">Leggi tutto<span class=\"screen-reader-text\"> &#8220;Informativa sulla Privacy&#8221;<\/span><\/a><\/p>\n","protected":false},"author":1,"featured_media":0,"parent":0,"menu_order":0,"comment_status":"closed","ping_status":"open","template":"","meta":{"_glsr_average":0,"_glsr_ranking":0,"_glsr_reviews":0,"footnotes":""},"class_list":["post-31","page","type-page","status-publish","hentry"],"yoast_head":"<!-- This site is optimized with the Yoast SEO plugin v26.8 - https:\/\/yoast.com\/product\/yoast-seo-wordpress\/ -->\n<title>Informativa sulla Privacy - Celebranti di Matrimonio in Italia<\/title>\n<meta name=\"robots\" content=\"index, follow, max-snippet:-1, max-image-preview:large, max-video-preview:-1\" \/>\n<link rel=\"canonical\" href=\"https:\/\/www.myweddinginitaly.info\/privacy-policy\/\" \/>\n<meta property=\"og:locale\" content=\"it_IT\" \/>\n<meta property=\"og:type\" content=\"article\" \/>\n<meta property=\"og:title\" content=\"Informativa sulla Privacy - Celebranti di Matrimonio in Italia\" \/>\n<meta property=\"og:description\" content=\"Ultimo aggiornamento: 30 dicembre 2025 La presente Informativa \u00e8 resa ai sensi del Regolamento (UE) 2016\/679 (GDPR) e della normativa italiana vigente in materia di protezione dei dati personali. Italian Wedding Celebrants si impegna a tutelare i dati personali degli utenti e a trattarli in modo lecito, corretto e trasparente. 1. Titolare del trattamento Il &hellip; Leggi tutto &quot;Informativa sulla Privacy&quot;\" \/>\n<meta property=\"og:url\" content=\"https:\/\/www.myweddinginitaly.info\/privacy-policy\/\" \/>\n<meta property=\"og:site_name\" content=\"[:en]Wedding Celebrants in Italy [:it]Celebranti di Matrimonio in Italia [:fr]Officiants de Mariage en Italie [:pb]Celebrantes de Casamento na It\u00e1lia [:de]Hochzeitsredner in Italien [:ru]\u0421\u0432\u0430\u0434\u0435\u0431\u043d\u044b\u0435 \u0446\u0435\u0440\u0435\u043c\u043e\u043d\u0438\u0439\u043c\u0435\u0439\u0441\u0442\u0435\u0440\u044b \u0432 \u0418\u0442\u0430\u043b\u0438\u0438 [:es]Celebrantes de Bodas en Italia [:]\" \/>\n<meta property=\"article:publisher\" content=\"https:\/\/www.facebook.com\/ItalianWeddingCelebrant\" \/>\n<meta property=\"article:modified_time\" content=\"2025-12-30T18:08:31+00:00\" \/>\n<meta name=\"twitter:label1\" content=\"Tempo di lettura stimato\" \/>\n\t<meta name=\"twitter:data1\" content=\"2 minuti\" \/>\n<script type=\"application\/ld+json\" class=\"yoast-schema-graph\">{\"@context\":\"https:\/\/schema.org\",\"@graph\":[{\"@type\":\"WebPage\",\"@id\":\"https:\/\/www.myweddinginitaly.info\/privacy-policy\/\",\"url\":\"https:\/\/www.myweddinginitaly.info\/privacy-policy\/\",\"name\":\"Informativa sulla Privacy - Celebranti di Matrimonio in Italia\",\"isPartOf\":{\"@id\":\"https:\/\/www.myweddinginitaly.info\/#website\"},\"datePublished\":\"2012-05-01T10:11:38+00:00\",\"dateModified\":\"2025-12-30T18:08:31+00:00\",\"breadcrumb\":{\"@id\":\"https:\/\/www.myweddinginitaly.info\/privacy-policy\/#breadcrumb\"},\"inLanguage\":\"it-IT\",\"potentialAction\":[{\"@type\":\"ReadAction\",\"target\":[\"https:\/\/www.myweddinginitaly.info\/privacy-policy\/\"]}]},{\"@type\":\"BreadcrumbList\",\"@id\":\"https:\/\/www.myweddinginitaly.info\/privacy-policy\/#breadcrumb\",\"itemListElement\":[{\"@type\":\"ListItem\",\"position\":1,\"name\":\"Home\",\"item\":\"https:\/\/www.myweddinginitaly.info\/\"},{\"@type\":\"ListItem\",\"position\":2,\"name\":\"Privacy Policy\"}]},{\"@type\":\"WebSite\",\"@id\":\"https:\/\/www.myweddinginitaly.info\/#website\",\"url\":\"https:\/\/www.myweddinginitaly.info\/\",\"name\":\"[:en]Wedding Celebrants in Italy [:it]Celebranti di Matrimonio in Italia [:fr]Officiants de Mariage en Italie [:pb]Celebrantes de Casamento na It\u00e1lia [:de]Hochzeitsredner in Italien [:ru]\u0421\u0432\u0430\u0434\u0435\u0431\u043d\u044b\u0435 \u0446\u0435\u0440\u0435\u043c\u043e\u043d\u0438\u0439\u043c\u0435\u0439\u0441\u0442\u0435\u0440\u044b \u0432 \u0418\u0442\u0430\u043b\u0438\u0438 [:es]Celebrantes de Bodas en Italia [:]\",\"description\":\"[:en]Symbolic and civil wedding ceremonies celebrated in Italy, humanist and non-denominational. Friends of the LGBTQ+ community[:it]Cerimonie di matrimonio simboliche e civili celebrate in Italia, umaniste e laiche. Amici della comunit\u00e0 LGBTQ+[:fr]C\u00e9r\u00e9monies de mariage symboliques et civiles c\u00e9l\u00e9br\u00e9es en Italie, humanistes et non confessionnelles. Amis de la communaut\u00e9 LGBTQ+[:pb]Cerim\u00f4nias de casamento simb\u00f3licas e civis celebradas na It\u00e1lia, humanistas e n\u00e3o confessionais. Amigos da comunidade LGBTQ+[:de]Symbolische und zivile Hochzeitszeremonien in Italien, humanistisch und konfessionsfrei. Freunde der LGBTQ+-Community[:ru]\u0421\u0438\u043c\u0432\u043e\u043b\u0438\u0447\u0435\u0441\u043a\u0438\u0435 \u0438 \u0433\u0440\u0430\u0436\u0434\u0430\u043d\u0441\u043a\u0438\u0435 \u0441\u0432\u0430\u0434\u0435\u0431\u043d\u044b\u0435 \u0446\u0435\u0440\u0435\u043c\u043e\u043d\u0438\u0438 \u0432 \u0418\u0442\u0430\u043b\u0438\u0438, \u0433\u0443\u043c\u0430\u043d\u0438\u0441\u0442\u0438\u0447\u0435\u0441\u043a\u0438\u0435 \u0438 \u043d\u0435\u0440\u0435\u043b\u0438\u0433\u0438\u043e\u0437\u043d\u044b\u0435. \u0414\u0440\u0443\u0437\u044c\u044f \u0441\u043e\u043e\u0431\u0449\u0435\u0441\u0442\u0432\u0430 LGBTQ+[:es]Ceremonias de boda simb\u00f3licas y civiles, humanistas y laicas, incluidas ceremonias para parejas del mismo sexo, celebradas en toda Italia - amigos de la comunidad LGBTQ+[:]\",\"publisher\":{\"@id\":\"https:\/\/www.myweddinginitaly.info\/#organization\"},\"potentialAction\":[{\"@type\":\"SearchAction\",\"target\":{\"@type\":\"EntryPoint\",\"urlTemplate\":\"https:\/\/www.myweddinginitaly.info\/?s={search_term_string}\"},\"query-input\":{\"@type\":\"PropertyValueSpecification\",\"valueRequired\":true,\"valueName\":\"search_term_string\"}}],\"inLanguage\":\"it-IT\"},{\"@type\":\"Organization\",\"@id\":\"https:\/\/www.myweddinginitaly.info\/#organization\",\"name\":\"Italian Wedding Celebrants\",\"url\":\"https:\/\/www.myweddinginitaly.info\/\",\"logo\":{\"@type\":\"ImageObject\",\"inLanguage\":\"it-IT\",\"@id\":\"https:\/\/www.myweddinginitaly.info\/#\/schema\/logo\/image\/\",\"url\":\"https:\/\/www.myweddinginitaly.info\/wp-content\/uploads\/2015\/04\/Italian-Wedding-Celebrants-iwc.png\",\"contentUrl\":\"https:\/\/www.myweddinginitaly.info\/wp-content\/uploads\/2015\/04\/Italian-Wedding-Celebrants-iwc.png\",\"width\":160,\"height\":160,\"caption\":\"Italian Wedding Celebrants\"},\"image\":{\"@id\":\"https:\/\/www.myweddinginitaly.info\/#\/schema\/logo\/image\/\"},\"sameAs\":[\"https:\/\/www.facebook.com\/ItalianWeddingCelebrant\",\"https:\/\/www.youtube.com\/channel\/UCfEUmdfZUSqr1sBCFL9epLw\"]}]}<\/script>\n<!-- \/ Yoast SEO plugin. -->","yoast_head_json":{"title":"Informativa sulla Privacy - Celebranti di Matrimonio in Italia","robots":{"index":"index","follow":"follow","max-snippet":"max-snippet:-1","max-image-preview":"max-image-preview:large","max-video-preview":"max-video-preview:-1"},"canonical":"https:\/\/www.myweddinginitaly.info\/privacy-policy\/","og_locale":"it_IT","og_type":"article","og_title":"Informativa sulla Privacy - Celebranti di Matrimonio in Italia","og_description":"Ultimo aggiornamento: 30 dicembre 2025 La presente Informativa \u00e8 resa ai sensi del Regolamento (UE) 2016\/679 (GDPR) e della normativa italiana vigente in materia di protezione dei dati personali. Italian Wedding Celebrants si impegna a tutelare i dati personali degli utenti e a trattarli in modo lecito, corretto e trasparente. 1. Titolare del trattamento Il &hellip; Leggi tutto \"Informativa sulla Privacy\"","og_url":"https:\/\/www.myweddinginitaly.info\/privacy-policy\/","og_site_name":"[:en]Wedding Celebrants in Italy [:it]Celebranti di Matrimonio in Italia [:fr]Officiants de Mariage en Italie [:pb]Celebrantes de Casamento na It\u00e1lia [:de]Hochzeitsredner in Italien [:ru]\u0421\u0432\u0430\u0434\u0435\u0431\u043d\u044b\u0435 \u0446\u0435\u0440\u0435\u043c\u043e\u043d\u0438\u0439\u043c\u0435\u0439\u0441\u0442\u0435\u0440\u044b \u0432 \u0418\u0442\u0430\u043b\u0438\u0438 [:es]Celebrantes de Bodas en Italia [:]","article_publisher":"https:\/\/www.facebook.com\/ItalianWeddingCelebrant","article_modified_time":"2025-12-30T18:08:31+00:00","twitter_misc":{"Tempo di lettura stimato":"2 minuti"},"schema":{"@context":"https:\/\/schema.org","@graph":[{"@type":"WebPage","@id":"https:\/\/www.myweddinginitaly.info\/privacy-policy\/","url":"https:\/\/www.myweddinginitaly.info\/privacy-policy\/","name":"Informativa sulla Privacy - Celebranti di Matrimonio in Italia","isPartOf":{"@id":"https:\/\/www.myweddinginitaly.info\/#website"},"datePublished":"2012-05-01T10:11:38+00:00","dateModified":"2025-12-30T18:08:31+00:00","breadcrumb":{"@id":"https:\/\/www.myweddinginitaly.info\/privacy-policy\/#breadcrumb"},"inLanguage":"it-IT","potentialAction":[{"@type":"ReadAction","target":["https:\/\/www.myweddinginitaly.info\/privacy-policy\/"]}]},{"@type":"BreadcrumbList","@id":"https:\/\/www.myweddinginitaly.info\/privacy-policy\/#breadcrumb","itemListElement":[{"@type":"ListItem","position":1,"name":"Home","item":"https:\/\/www.myweddinginitaly.info\/"},{"@type":"ListItem","position":2,"name":"Privacy Policy"}]},{"@type":"WebSite","@id":"https:\/\/www.myweddinginitaly.info\/#website","url":"https:\/\/www.myweddinginitaly.info\/","name":"[:en]Wedding Celebrants in Italy [:it]Celebranti di Matrimonio in Italia [:fr]Officiants de Mariage en Italie [:pb]Celebrantes de Casamento na It\u00e1lia [:de]Hochzeitsredner in Italien [:ru]\u0421\u0432\u0430\u0434\u0435\u0431\u043d\u044b\u0435 \u0446\u0435\u0440\u0435\u043c\u043e\u043d\u0438\u0439\u043c\u0435\u0439\u0441\u0442\u0435\u0440\u044b \u0432 \u0418\u0442\u0430\u043b\u0438\u0438 [:es]Celebrantes de Bodas en Italia [:]","description":"[:en]Symbolic and civil wedding ceremonies celebrated in Italy, humanist and non-denominational. Friends of the LGBTQ+ community[:it]Cerimonie di matrimonio simboliche e civili celebrate in Italia, umaniste e laiche. Amici della comunit\u00e0 LGBTQ+[:fr]C\u00e9r\u00e9monies de mariage symboliques et civiles c\u00e9l\u00e9br\u00e9es en Italie, humanistes et non confessionnelles. Amis de la communaut\u00e9 LGBTQ+[:pb]Cerim\u00f4nias de casamento simb\u00f3licas e civis celebradas na It\u00e1lia, humanistas e n\u00e3o confessionais. Amigos da comunidade LGBTQ+[:de]Symbolische und zivile Hochzeitszeremonien in Italien, humanistisch und konfessionsfrei. Freunde der LGBTQ+-Community[:ru]\u0421\u0438\u043c\u0432\u043e\u043b\u0438\u0447\u0435\u0441\u043a\u0438\u0435 \u0438 \u0433\u0440\u0430\u0436\u0434\u0430\u043d\u0441\u043a\u0438\u0435 \u0441\u0432\u0430\u0434\u0435\u0431\u043d\u044b\u0435 \u0446\u0435\u0440\u0435\u043c\u043e\u043d\u0438\u0438 \u0432 \u0418\u0442\u0430\u043b\u0438\u0438, \u0433\u0443\u043c\u0430\u043d\u0438\u0441\u0442\u0438\u0447\u0435\u0441\u043a\u0438\u0435 \u0438 \u043d\u0435\u0440\u0435\u043b\u0438\u0433\u0438\u043e\u0437\u043d\u044b\u0435. \u0414\u0440\u0443\u0437\u044c\u044f \u0441\u043e\u043e\u0431\u0449\u0435\u0441\u0442\u0432\u0430 LGBTQ+[:es]Ceremonias de boda simb\u00f3licas y civiles, humanistas y laicas, incluidas ceremonias para parejas del mismo sexo, celebradas en toda Italia - amigos de la comunidad LGBTQ+[:]","publisher":{"@id":"https:\/\/www.myweddinginitaly.info\/#organization"},"potentialAction":[{"@type":"SearchAction","target":{"@type":"EntryPoint","urlTemplate":"https:\/\/www.myweddinginitaly.info\/?s={search_term_string}"},"query-input":{"@type":"PropertyValueSpecification","valueRequired":true,"valueName":"search_term_string"}}],"inLanguage":"it-IT"},{"@type":"Organization","@id":"https:\/\/www.myweddinginitaly.info\/#organization","name":"Italian Wedding Celebrants","url":"https:\/\/www.myweddinginitaly.info\/","logo":{"@type":"ImageObject","inLanguage":"it-IT","@id":"https:\/\/www.myweddinginitaly.info\/#\/schema\/logo\/image\/","url":"https:\/\/www.myweddinginitaly.info\/wp-content\/uploads\/2015\/04\/Italian-Wedding-Celebrants-iwc.png","contentUrl":"https:\/\/www.myweddinginitaly.info\/wp-content\/uploads\/2015\/04\/Italian-Wedding-Celebrants-iwc.png","width":160,"height":160,"caption":"Italian Wedding Celebrants"},"image":{"@id":"https:\/\/www.myweddinginitaly.info\/#\/schema\/logo\/image\/"},"sameAs":["https:\/\/www.facebook.com\/ItalianWeddingCelebrant","https:\/\/www.youtube.com\/channel\/UCfEUmdfZUSqr1sBCFL9epLw"]}]}},"rttpg_featured_image_url":null,"rttpg_author":{"display_name":"Francesca","author_link":"https:\/\/www.myweddinginitaly.info\/it\/author\/efffettif\/"},"rttpg_comment":0,"rttpg_category":null,"rttpg_excerpt":"Ultimo aggiornamento: 30 dicembre 2025 La presente Informativa \u00e8 resa ai sensi del Regolamento (UE) 2016\/679 (GDPR) e della normativa italiana vigente in materia di protezione dei dati personali. Italian Wedding Celebrants si impegna a tutelare i dati personali degli utenti e a trattarli in modo lecito, corretto e trasparente. 1. Titolare del trattamento Il&hellip;","_links":{"self":[{"href":"https:\/\/www.myweddinginitaly.info\/it\/wp-json\/wp\/v2\/pages\/31","targetHints":{"allow":["GET"]}}],"collection":[{"href":"https:\/\/www.myweddinginitaly.info\/it\/wp-json\/wp\/v2\/pages"}],"about":[{"href":"https:\/\/www.myweddinginitaly.info\/it\/wp-json\/wp\/v2\/types\/page"}],"author":[{"embeddable":true,"href":"https:\/\/www.myweddinginitaly.info\/it\/wp-json\/wp\/v2\/users\/1"}],"replies":[{"embeddable":true,"href":"https:\/\/www.myweddinginitaly.info\/it\/wp-json\/wp\/v2\/comments?post=31"}],"version-history":[{"count":25,"href":"https:\/\/www.myweddinginitaly.info\/it\/wp-json\/wp\/v2\/pages\/31\/revisions"}],"predecessor-version":[{"id":1222,"href":"https:\/\/www.myweddinginitaly.info\/it\/wp-json\/wp\/v2\/pages\/31\/revisions\/1222"}],"wp:attachment":[{"href":"https:\/\/www.myweddinginitaly.info\/it\/wp-json\/wp\/v2\/media?parent=31"}],"curies":[{"name":"wp","href":"https:\/\/api.w.org\/{rel}","templated":true}]}}