{"id":31,"date":"2012-05-01T10:11:38","date_gmt":"2012-05-01T10:11:38","guid":{"rendered":"http:\/\/www.myweddinginitaly.info\/?page_id=31"},"modified":"2025-12-30T18:08:31","modified_gmt":"2025-12-30T18:08:31","slug":"privacy-policy","status":"publish","type":"page","link":"https:\/\/www.myweddinginitaly.info\/de\/privacy-policy\/","title":{"rendered":"Datenschutzerkl\u00e4rung"},"content":{"rendered":"<p><\/p>\n<p class=\"p1\"><b>Letzte Aktualisierung: 30. Dezember 2025<\/b><b><\/b><\/p>\n<p class=\"p3\">Diese Datenschutzerkl\u00e4rung wird gem\u00e4\u00df der Verordnung (EU) 2016\/679 (DSGVO) und den geltenden italienischen Datenschutzbestimmungen bereitgestellt.<\/p>\n<p class=\"p3\">Italian Wedding Celebrants verpflichtet sich, personenbezogene Daten rechtm\u00e4\u00dfig, fair und transparent zu verarbeiten.<\/p>\n<hr \/>\n<h3><b>1. Verantwortlicher<\/b><\/h3>\n<p class=\"p3\">Verantwortlicher f\u00fcr die Datenverarbeitung ist:<\/p>\n<p class=\"p1\"><b>Italian Wedding Celebrants<\/b><b><\/b><\/p>\n<p class=\"p1\"><span class=\"s2\">koordiniert von <\/span><b>Efffetti Exclusive Weddings in Italy<\/b><b><\/b><\/p>\n<p class=\"p1\"><span class=\"s2\">E-Mail: <\/span><b>info@myweddinginitaly.info<\/b><b><\/b><\/p>\n<p class=\"p3\">Anfragen zum Datenschutz k\u00f6nnen an die oben genannten Kontaktdaten gerichtet werden.<\/p>\n<hr \/>\n<h3><b>2. Arten der verarbeiteten Daten<\/b><\/h3>\n<p class=\"p3\">Folgende personenbezogene Daten k\u00f6nnen verarbeitet werden:<\/p>\n<ul>\n<li>\n<p class=\"p1\">Identifikations- und Kontaktdaten (Name, E-Mail-Adresse, Telefonnummer)<\/p>\n<\/li>\n<li>\n<p class=\"p1\">Informationen aus Kontakt- oder Angebotsformularen<\/p>\n<\/li>\n<li>\n<p class=\"p1\">technische Daten (IP-Adresse, Browser, Ger\u00e4t)<\/p>\n<\/li>\n<li>\n<p class=\"p1\">Navigationsdaten der Website<\/p>\n<\/li>\n<li>\n<p class=\"p1\">Informationen zur Bearbeitung von Anfragen und professioneller Kommunikation<\/p>\n<\/li>\n<\/ul>\n<p class=\"p3\">Besondere Kategorien personenbezogener Daten werden nicht absichtlich verarbeitet, es sei denn, sie werden ausdr\u00fccklich bereitgestellt und sind erforderlich.<\/p>\n<hr \/>\n<h3><b>3. Zwecke und Rechtsgrundlagen der Verarbeitung<\/b><\/h3>\n<p class=\"p3\">Die Verarbeitung erfolgt zu folgenden Zwecken:<\/p>\n<ul>\n<li>\n<p class=\"p1\">Beantwortung von Informations- und Angebotsanfragen<\/p>\n<\/li>\n<li>\n<p class=\"p1\">Verwaltung professioneller Kommunikation<\/p>\n<\/li>\n<li>\n<p class=\"p1\">Erf\u00fcllung gesetzlicher Verpflichtungen<\/p>\n<\/li>\n<li>\n<p class=\"p1\">Gew\u00e4hrleistung der Website-Sicherheit<\/p>\n<\/li>\n<li>\n<p class=\"p1\">Analyse von Website-Traffic und Leistung<\/p>\n<\/li>\n<\/ul>\n<p class=\"p3\">Rechtsgrundlagen sind:<\/p>\n<ul>\n<li>\n<p class=\"p1\">vorvertragliche Ma\u00dfnahmen<\/p>\n<\/li>\n<li>\n<p class=\"p1\">berechtigtes Interesse des Verantwortlichen<\/p>\n<\/li>\n<li>\n<p class=\"p1\">gesetzliche Verpflichtungen<\/p>\n<\/li>\n<li>\n<p class=\"p1\">Einwilligung, sofern erforderlich<\/p>\n<\/li>\n<\/ul>\n<hr \/>\n<h3><b>4. Art der Verarbeitung<\/b><\/h3>\n<p class=\"p3\">Die Verarbeitung erfolgt mittels elektronischer Systeme sowie gegebenenfalls in Papierform unter Anwendung geeigneter technischer und organisatorischer Ma\u00dfnahmen.<\/p>\n<hr \/>\n<h3><b>5. Bereitstellung der Daten<\/b><\/h3>\n<p class=\"p3\">Die Bereitstellung erforderlicher Daten ist notwendig, um Anfragen zu bearbeiten.<\/p>\n<p class=\"p3\">Eine Nichtbereitstellung kann zur Unm\u00f6glichkeit der Leistungserbringung f\u00fchren.<\/p>\n<hr \/>\n<h3><b>6. Empf\u00e4nger der Daten<\/b><\/h3>\n<p class=\"p3\">Zugriff auf Daten haben autorisierte Personen in den Bereichen:<\/p>\n<ul>\n<li>\n<p class=\"p1\">Verwaltung<\/p>\n<\/li>\n<li>\n<p class=\"p1\">Kommunikation<\/p>\n<\/li>\n<li>\n<p class=\"p1\">technische Wartung<\/p>\n<\/li>\n<\/ul>\n<p class=\"p3\">Eine Weitergabe an Beh\u00f6rden erfolgt nur, wenn gesetzlich vorgeschrieben.<\/p>\n<hr \/>\n<h3><b>7. Speicherdauer<\/b><\/h3>\n<p class=\"p3\">Die Daten werden nur so lange gespeichert, wie es f\u00fcr die jeweiligen Zwecke erforderlich ist und gesetzliche Vorgaben bestehen.<\/p>\n<hr \/>\n<h3><b>8. Rechte der betroffenen Person<\/b><\/h3>\n<p class=\"p3\">Gem\u00e4\u00df Art. 15\u201322 DSGVO bestehen folgende Rechte:<\/p>\n<ul>\n<li>\n<p class=\"p1\">Auskunft<\/p>\n<\/li>\n<li>\n<p class=\"p1\">Berichtigung oder L\u00f6schung<\/p>\n<\/li>\n<li>\n<p class=\"p1\">Einschr\u00e4nkung oder Widerspruch<\/p>\n<\/li>\n<li>\n<p class=\"p1\">Daten\u00fcbertragbarkeit<\/p>\n<\/li>\n<li>\n<p class=\"p1\">Widerruf der Einwilligung<\/p>\n<\/li>\n<\/ul>\n<hr \/>\n<h3><b>9. Cookies und Tracking-Technologien<\/b><\/h3>\n<p class=\"p3\">Die Website verwendet technische und Analyse-Cookies.<\/p>\n<p class=\"p1\"><b>Google Analytics<\/b><b><\/b><\/p>\n<p class=\"p3\">F\u00fcr anonyme statistische Auswertungen.<\/p>\n<p class=\"p3\">IP-Anonymisierung ist aktiviert, sofern anwendbar.<\/p>\n<p class=\"p1\"><b>Sicherheit und Spam-Schutz<\/b><b><\/b><\/p>\n<ul>\n<li>\n<p class=\"p1\">Akismet Anti-Spam<\/p>\n<\/li>\n<li>\n<p class=\"p1\">Wordfence Security<\/p>\n<\/li>\n<\/ul>\n<p class=\"p1\"><b>Cookie-Verwaltung<\/b><b><\/b><\/p>\n<p class=\"p3\">Die Einwilligung erfolgt \u00fcber <span class=\"s3\"><b>CookieYes<\/b><\/span>.<\/p>\n<hr \/>\n<h3><b>10. \u00c4nderungen dieser Erkl\u00e4rung<\/b><\/h3>\n<p class=\"p3\">Diese Datenschutzerkl\u00e4rung kann aktualisiert werden.<\/p>\n<p class=\"p3\">\u00c4nderungen werden auf dieser Seite ver\u00f6ffentlicht.<\/p>\n<p><\/p>","protected":false},"excerpt":{"rendered":"<p>Letzte Aktualisierung: 30. Dezember 2025 Diese Datenschutzerkl\u00e4rung wird gem\u00e4\u00df der Verordnung (EU) 2016\/679 (DSGVO) und den geltenden italienischen Datenschutzbestimmungen bereitgestellt. Italian Wedding Celebrants verpflichtet sich, personenbezogene Daten rechtm\u00e4\u00dfig, fair und transparent zu verarbeiten. 1. Verantwortlicher Verantwortlicher f\u00fcr die Datenverarbeitung ist: Italian Wedding Celebrants koordiniert von Efffetti Exclusive Weddings in Italy E-Mail: info@myweddinginitaly.info Anfragen zum Datenschutz &hellip; <\/p>\n<p class=\"link-more\"><a href=\"https:\/\/www.myweddinginitaly.info\/de\/privacy-policy\/\" class=\"more-link\"><span class=\"screen-reader-text\">\u201eDatenschutzerkl\u00e4rung\u201c <\/span>weiterlesen<\/a><\/p>\n","protected":false},"author":1,"featured_media":0,"parent":0,"menu_order":0,"comment_status":"closed","ping_status":"open","template":"","meta":{"_glsr_average":0,"_glsr_ranking":0,"_glsr_reviews":0,"footnotes":""},"class_list":["post-31","page","type-page","status-publish","hentry"],"yoast_head":"<!-- This site is optimized with the Yoast SEO plugin v26.8 - https:\/\/yoast.com\/product\/yoast-seo-wordpress\/ -->\n<title>Datenschutzerkl\u00e4rung - Hochzeitsredner in Italien<\/title>\n<meta name=\"robots\" content=\"index, follow, max-snippet:-1, max-image-preview:large, max-video-preview:-1\" \/>\n<link rel=\"canonical\" href=\"https:\/\/www.myweddinginitaly.info\/privacy-policy\/\" \/>\n<meta property=\"og:locale\" content=\"de_DE\" \/>\n<meta property=\"og:type\" content=\"article\" \/>\n<meta property=\"og:title\" content=\"Datenschutzerkl\u00e4rung - Hochzeitsredner in Italien\" \/>\n<meta property=\"og:description\" content=\"Letzte Aktualisierung: 30. Dezember 2025 Diese Datenschutzerkl\u00e4rung wird gem\u00e4\u00df der Verordnung (EU) 2016\/679 (DSGVO) und den geltenden italienischen Datenschutzbestimmungen bereitgestellt. Italian Wedding Celebrants verpflichtet sich, personenbezogene Daten rechtm\u00e4\u00dfig, fair und transparent zu verarbeiten. 1. Verantwortlicher Verantwortlicher f\u00fcr die Datenverarbeitung ist: Italian Wedding Celebrants koordiniert von Efffetti Exclusive Weddings in Italy E-Mail: info@myweddinginitaly.info Anfragen zum Datenschutz &hellip; \u201eDatenschutzerkl\u00e4rung\u201c weiterlesen\" \/>\n<meta property=\"og:url\" content=\"https:\/\/www.myweddinginitaly.info\/privacy-policy\/\" \/>\n<meta property=\"og:site_name\" content=\"[:en]Wedding Celebrants in Italy [:it]Celebranti di Matrimonio in Italia [:fr]Officiants de Mariage en Italie [:pb]Celebrantes de Casamento na It\u00e1lia [:de]Hochzeitsredner in Italien [:ru]\u0421\u0432\u0430\u0434\u0435\u0431\u043d\u044b\u0435 \u0446\u0435\u0440\u0435\u043c\u043e\u043d\u0438\u0439\u043c\u0435\u0439\u0441\u0442\u0435\u0440\u044b \u0432 \u0418\u0442\u0430\u043b\u0438\u0438 [:es]Celebrantes de Bodas en Italia [:]\" \/>\n<meta property=\"article:publisher\" content=\"https:\/\/www.facebook.com\/ItalianWeddingCelebrant\" \/>\n<meta property=\"article:modified_time\" content=\"2025-12-30T18:08:31+00:00\" \/>\n<meta name=\"twitter:label1\" content=\"Gesch\u00e4tzte Lesezeit\" \/>\n\t<meta name=\"twitter:data1\" content=\"2\u00a0Minuten\" \/>\n<script type=\"application\/ld+json\" class=\"yoast-schema-graph\">{\"@context\":\"https:\/\/schema.org\",\"@graph\":[{\"@type\":\"WebPage\",\"@id\":\"https:\/\/www.myweddinginitaly.info\/privacy-policy\/\",\"url\":\"https:\/\/www.myweddinginitaly.info\/privacy-policy\/\",\"name\":\"Datenschutzerkl\u00e4rung - Hochzeitsredner in Italien\",\"isPartOf\":{\"@id\":\"https:\/\/www.myweddinginitaly.info\/#website\"},\"datePublished\":\"2012-05-01T10:11:38+00:00\",\"dateModified\":\"2025-12-30T18:08:31+00:00\",\"breadcrumb\":{\"@id\":\"https:\/\/www.myweddinginitaly.info\/privacy-policy\/#breadcrumb\"},\"inLanguage\":\"de\",\"potentialAction\":[{\"@type\":\"ReadAction\",\"target\":[\"https:\/\/www.myweddinginitaly.info\/privacy-policy\/\"]}]},{\"@type\":\"BreadcrumbList\",\"@id\":\"https:\/\/www.myweddinginitaly.info\/privacy-policy\/#breadcrumb\",\"itemListElement\":[{\"@type\":\"ListItem\",\"position\":1,\"name\":\"Home\",\"item\":\"https:\/\/www.myweddinginitaly.info\/\"},{\"@type\":\"ListItem\",\"position\":2,\"name\":\"Privacy Policy\"}]},{\"@type\":\"WebSite\",\"@id\":\"https:\/\/www.myweddinginitaly.info\/#website\",\"url\":\"https:\/\/www.myweddinginitaly.info\/\",\"name\":\"[:en]Wedding Celebrants in Italy [:it]Celebranti di Matrimonio in Italia [:fr]Officiants de Mariage en Italie [:pb]Celebrantes de Casamento na It\u00e1lia [:de]Hochzeitsredner in Italien [:ru]\u0421\u0432\u0430\u0434\u0435\u0431\u043d\u044b\u0435 \u0446\u0435\u0440\u0435\u043c\u043e\u043d\u0438\u0439\u043c\u0435\u0439\u0441\u0442\u0435\u0440\u044b \u0432 \u0418\u0442\u0430\u043b\u0438\u0438 [:es]Celebrantes de Bodas en Italia [:]\",\"description\":\"[:en]Symbolic and civil wedding ceremonies celebrated in Italy, humanist and non-denominational. Friends of the LGBTQ+ community[:it]Cerimonie di matrimonio simboliche e civili celebrate in Italia, umaniste e laiche. Amici della comunit\u00e0 LGBTQ+[:fr]C\u00e9r\u00e9monies de mariage symboliques et civiles c\u00e9l\u00e9br\u00e9es en Italie, humanistes et non confessionnelles. Amis de la communaut\u00e9 LGBTQ+[:pb]Cerim\u00f4nias de casamento simb\u00f3licas e civis celebradas na It\u00e1lia, humanistas e n\u00e3o confessionais. Amigos da comunidade LGBTQ+[:de]Symbolische und zivile Hochzeitszeremonien in Italien, humanistisch und konfessionsfrei. Freunde der LGBTQ+-Community[:ru]\u0421\u0438\u043c\u0432\u043e\u043b\u0438\u0447\u0435\u0441\u043a\u0438\u0435 \u0438 \u0433\u0440\u0430\u0436\u0434\u0430\u043d\u0441\u043a\u0438\u0435 \u0441\u0432\u0430\u0434\u0435\u0431\u043d\u044b\u0435 \u0446\u0435\u0440\u0435\u043c\u043e\u043d\u0438\u0438 \u0432 \u0418\u0442\u0430\u043b\u0438\u0438, \u0433\u0443\u043c\u0430\u043d\u0438\u0441\u0442\u0438\u0447\u0435\u0441\u043a\u0438\u0435 \u0438 \u043d\u0435\u0440\u0435\u043b\u0438\u0433\u0438\u043e\u0437\u043d\u044b\u0435. \u0414\u0440\u0443\u0437\u044c\u044f \u0441\u043e\u043e\u0431\u0449\u0435\u0441\u0442\u0432\u0430 LGBTQ+[:es]Ceremonias de boda simb\u00f3licas y civiles, humanistas y laicas, incluidas ceremonias para parejas del mismo sexo, celebradas en toda Italia - amigos de la comunidad LGBTQ+[:]\",\"publisher\":{\"@id\":\"https:\/\/www.myweddinginitaly.info\/#organization\"},\"potentialAction\":[{\"@type\":\"SearchAction\",\"target\":{\"@type\":\"EntryPoint\",\"urlTemplate\":\"https:\/\/www.myweddinginitaly.info\/?s={search_term_string}\"},\"query-input\":{\"@type\":\"PropertyValueSpecification\",\"valueRequired\":true,\"valueName\":\"search_term_string\"}}],\"inLanguage\":\"de\"},{\"@type\":\"Organization\",\"@id\":\"https:\/\/www.myweddinginitaly.info\/#organization\",\"name\":\"Italian Wedding Celebrants\",\"url\":\"https:\/\/www.myweddinginitaly.info\/\",\"logo\":{\"@type\":\"ImageObject\",\"inLanguage\":\"de\",\"@id\":\"https:\/\/www.myweddinginitaly.info\/#\/schema\/logo\/image\/\",\"url\":\"https:\/\/www.myweddinginitaly.info\/wp-content\/uploads\/2015\/04\/Italian-Wedding-Celebrants-iwc.png\",\"contentUrl\":\"https:\/\/www.myweddinginitaly.info\/wp-content\/uploads\/2015\/04\/Italian-Wedding-Celebrants-iwc.png\",\"width\":160,\"height\":160,\"caption\":\"Italian Wedding Celebrants\"},\"image\":{\"@id\":\"https:\/\/www.myweddinginitaly.info\/#\/schema\/logo\/image\/\"},\"sameAs\":[\"https:\/\/www.facebook.com\/ItalianWeddingCelebrant\",\"https:\/\/www.youtube.com\/channel\/UCfEUmdfZUSqr1sBCFL9epLw\"]}]}<\/script>\n<!-- \/ Yoast SEO plugin. -->","yoast_head_json":{"title":"Datenschutzerkl\u00e4rung - Hochzeitsredner in Italien","robots":{"index":"index","follow":"follow","max-snippet":"max-snippet:-1","max-image-preview":"max-image-preview:large","max-video-preview":"max-video-preview:-1"},"canonical":"https:\/\/www.myweddinginitaly.info\/privacy-policy\/","og_locale":"de_DE","og_type":"article","og_title":"Datenschutzerkl\u00e4rung - Hochzeitsredner in Italien","og_description":"Letzte Aktualisierung: 30. Dezember 2025 Diese Datenschutzerkl\u00e4rung wird gem\u00e4\u00df der Verordnung (EU) 2016\/679 (DSGVO) und den geltenden italienischen Datenschutzbestimmungen bereitgestellt. Italian Wedding Celebrants verpflichtet sich, personenbezogene Daten rechtm\u00e4\u00dfig, fair und transparent zu verarbeiten. 1. Verantwortlicher Verantwortlicher f\u00fcr die Datenverarbeitung ist: Italian Wedding Celebrants koordiniert von Efffetti Exclusive Weddings in Italy E-Mail: info@myweddinginitaly.info Anfragen zum Datenschutz &hellip; \u201eDatenschutzerkl\u00e4rung\u201c weiterlesen","og_url":"https:\/\/www.myweddinginitaly.info\/privacy-policy\/","og_site_name":"[:en]Wedding Celebrants in Italy [:it]Celebranti di Matrimonio in Italia [:fr]Officiants de Mariage en Italie [:pb]Celebrantes de Casamento na It\u00e1lia [:de]Hochzeitsredner in Italien [:ru]\u0421\u0432\u0430\u0434\u0435\u0431\u043d\u044b\u0435 \u0446\u0435\u0440\u0435\u043c\u043e\u043d\u0438\u0439\u043c\u0435\u0439\u0441\u0442\u0435\u0440\u044b \u0432 \u0418\u0442\u0430\u043b\u0438\u0438 [:es]Celebrantes de Bodas en Italia [:]","article_publisher":"https:\/\/www.facebook.com\/ItalianWeddingCelebrant","article_modified_time":"2025-12-30T18:08:31+00:00","twitter_misc":{"Gesch\u00e4tzte Lesezeit":"2\u00a0Minuten"},"schema":{"@context":"https:\/\/schema.org","@graph":[{"@type":"WebPage","@id":"https:\/\/www.myweddinginitaly.info\/privacy-policy\/","url":"https:\/\/www.myweddinginitaly.info\/privacy-policy\/","name":"Datenschutzerkl\u00e4rung - Hochzeitsredner in Italien","isPartOf":{"@id":"https:\/\/www.myweddinginitaly.info\/#website"},"datePublished":"2012-05-01T10:11:38+00:00","dateModified":"2025-12-30T18:08:31+00:00","breadcrumb":{"@id":"https:\/\/www.myweddinginitaly.info\/privacy-policy\/#breadcrumb"},"inLanguage":"de","potentialAction":[{"@type":"ReadAction","target":["https:\/\/www.myweddinginitaly.info\/privacy-policy\/"]}]},{"@type":"BreadcrumbList","@id":"https:\/\/www.myweddinginitaly.info\/privacy-policy\/#breadcrumb","itemListElement":[{"@type":"ListItem","position":1,"name":"Home","item":"https:\/\/www.myweddinginitaly.info\/"},{"@type":"ListItem","position":2,"name":"Privacy Policy"}]},{"@type":"WebSite","@id":"https:\/\/www.myweddinginitaly.info\/#website","url":"https:\/\/www.myweddinginitaly.info\/","name":"[:en]Wedding Celebrants in Italy [:it]Celebranti di Matrimonio in Italia [:fr]Officiants de Mariage en Italie [:pb]Celebrantes de Casamento na It\u00e1lia [:de]Hochzeitsredner in Italien [:ru]\u0421\u0432\u0430\u0434\u0435\u0431\u043d\u044b\u0435 \u0446\u0435\u0440\u0435\u043c\u043e\u043d\u0438\u0439\u043c\u0435\u0439\u0441\u0442\u0435\u0440\u044b \u0432 \u0418\u0442\u0430\u043b\u0438\u0438 [:es]Celebrantes de Bodas en Italia [:]","description":"[:en]Symbolic and civil wedding ceremonies celebrated in Italy, humanist and non-denominational. Friends of the LGBTQ+ community[:it]Cerimonie di matrimonio simboliche e civili celebrate in Italia, umaniste e laiche. Amici della comunit\u00e0 LGBTQ+[:fr]C\u00e9r\u00e9monies de mariage symboliques et civiles c\u00e9l\u00e9br\u00e9es en Italie, humanistes et non confessionnelles. Amis de la communaut\u00e9 LGBTQ+[:pb]Cerim\u00f4nias de casamento simb\u00f3licas e civis celebradas na It\u00e1lia, humanistas e n\u00e3o confessionais. Amigos da comunidade LGBTQ+[:de]Symbolische und zivile Hochzeitszeremonien in Italien, humanistisch und konfessionsfrei. Freunde der LGBTQ+-Community[:ru]\u0421\u0438\u043c\u0432\u043e\u043b\u0438\u0447\u0435\u0441\u043a\u0438\u0435 \u0438 \u0433\u0440\u0430\u0436\u0434\u0430\u043d\u0441\u043a\u0438\u0435 \u0441\u0432\u0430\u0434\u0435\u0431\u043d\u044b\u0435 \u0446\u0435\u0440\u0435\u043c\u043e\u043d\u0438\u0438 \u0432 \u0418\u0442\u0430\u043b\u0438\u0438, \u0433\u0443\u043c\u0430\u043d\u0438\u0441\u0442\u0438\u0447\u0435\u0441\u043a\u0438\u0435 \u0438 \u043d\u0435\u0440\u0435\u043b\u0438\u0433\u0438\u043e\u0437\u043d\u044b\u0435. \u0414\u0440\u0443\u0437\u044c\u044f \u0441\u043e\u043e\u0431\u0449\u0435\u0441\u0442\u0432\u0430 LGBTQ+[:es]Ceremonias de boda simb\u00f3licas y civiles, humanistas y laicas, incluidas ceremonias para parejas del mismo sexo, celebradas en toda Italia - amigos de la comunidad LGBTQ+[:]","publisher":{"@id":"https:\/\/www.myweddinginitaly.info\/#organization"},"potentialAction":[{"@type":"SearchAction","target":{"@type":"EntryPoint","urlTemplate":"https:\/\/www.myweddinginitaly.info\/?s={search_term_string}"},"query-input":{"@type":"PropertyValueSpecification","valueRequired":true,"valueName":"search_term_string"}}],"inLanguage":"de"},{"@type":"Organization","@id":"https:\/\/www.myweddinginitaly.info\/#organization","name":"Italian Wedding Celebrants","url":"https:\/\/www.myweddinginitaly.info\/","logo":{"@type":"ImageObject","inLanguage":"de","@id":"https:\/\/www.myweddinginitaly.info\/#\/schema\/logo\/image\/","url":"https:\/\/www.myweddinginitaly.info\/wp-content\/uploads\/2015\/04\/Italian-Wedding-Celebrants-iwc.png","contentUrl":"https:\/\/www.myweddinginitaly.info\/wp-content\/uploads\/2015\/04\/Italian-Wedding-Celebrants-iwc.png","width":160,"height":160,"caption":"Italian Wedding Celebrants"},"image":{"@id":"https:\/\/www.myweddinginitaly.info\/#\/schema\/logo\/image\/"},"sameAs":["https:\/\/www.facebook.com\/ItalianWeddingCelebrant","https:\/\/www.youtube.com\/channel\/UCfEUmdfZUSqr1sBCFL9epLw"]}]}},"rttpg_featured_image_url":null,"rttpg_author":{"display_name":"Francesca","author_link":"https:\/\/www.myweddinginitaly.info\/de\/author\/efffettif\/"},"rttpg_comment":0,"rttpg_category":null,"rttpg_excerpt":"Letzte Aktualisierung: 30. Dezember 2025 Diese Datenschutzerkl\u00e4rung wird gem\u00e4\u00df der Verordnung (EU) 2016\/679 (DSGVO) und den geltenden italienischen Datenschutzbestimmungen bereitgestellt. Italian Wedding Celebrants verpflichtet sich, personenbezogene Daten rechtm\u00e4\u00dfig, fair und transparent zu verarbeiten. 1. Verantwortlicher Verantwortlicher f\u00fcr die Datenverarbeitung ist: Italian Wedding Celebrants koordiniert von Efffetti Exclusive Weddings in Italy E-Mail: info@myweddinginitaly.info Anfragen zum Datenschutz&hellip;","_links":{"self":[{"href":"https:\/\/www.myweddinginitaly.info\/de\/wp-json\/wp\/v2\/pages\/31","targetHints":{"allow":["GET"]}}],"collection":[{"href":"https:\/\/www.myweddinginitaly.info\/de\/wp-json\/wp\/v2\/pages"}],"about":[{"href":"https:\/\/www.myweddinginitaly.info\/de\/wp-json\/wp\/v2\/types\/page"}],"author":[{"embeddable":true,"href":"https:\/\/www.myweddinginitaly.info\/de\/wp-json\/wp\/v2\/users\/1"}],"replies":[{"embeddable":true,"href":"https:\/\/www.myweddinginitaly.info\/de\/wp-json\/wp\/v2\/comments?post=31"}],"version-history":[{"count":25,"href":"https:\/\/www.myweddinginitaly.info\/de\/wp-json\/wp\/v2\/pages\/31\/revisions"}],"predecessor-version":[{"id":1222,"href":"https:\/\/www.myweddinginitaly.info\/de\/wp-json\/wp\/v2\/pages\/31\/revisions\/1222"}],"wp:attachment":[{"href":"https:\/\/www.myweddinginitaly.info\/de\/wp-json\/wp\/v2\/media?parent=31"}],"curies":[{"name":"wp","href":"https:\/\/api.w.org\/{rel}","templated":true}]}}