{"id":1178,"date":"2024-11-09T18:09:24","date_gmt":"2024-11-09T18:09:24","guid":{"rendered":"https:\/\/www.myweddinginitaly.info\/?page_id=1178"},"modified":"2025-12-31T12:09:12","modified_gmt":"2025-12-31T12:09:12","slug":"news","status":"publish","type":"page","link":"https:\/\/www.myweddinginitaly.info\/de\/news\/","title":{"rendered":"News"},"content":{"rendered":"<style type='text\/css' media='all'>#rt-tpg-container-4155281195 .rt-holder .rt-woo-info .price{color:#0367bf;}body .rt-tpg-container .rt-tpg-isotope-buttons .selected,\n\t\t\t\t\t#rt-tpg-container-4155281195 .layout12 .rt-holder:hover .rt-detail,\n\t\t\t\t\t#rt-tpg-container-4155281195 .isotope8 .rt-holder:hover .rt-detail,\n\t\t\t\t\t#rt-tpg-container-4155281195 .carousel8 .rt-holder:hover .rt-detail,\n\t\t\t\t\t#rt-tpg-container-4155281195 .layout13 .rt-holder .overlay .post-info,\n\t\t\t\t\t#rt-tpg-container-4155281195 .isotope9 .rt-holder .overlay .post-info,\n\t\t\t\t\t#rt-tpg-container-4155281195.rt-tpg-container .layout4 .rt-holder .rt-detail,\n\t\t\t\t\t.rt-modal-4155281195 .md-content,\n\t\t\t\t\t.rt-modal-4155281195 .md-content > .rt-md-content-holder .rt-md-content,\n\t\t\t\t\t.rt-popup-wrap-4155281195.rt-popup-wrap .rt-popup-navigation-wrap,\n\t\t\t\t\t#rt-tpg-container-4155281195 .carousel9 .rt-holder .overlay .post-info{background-color:#0367bf;}#rt-tpg-container-4155281195 .layout5 .rt-holder .overlay, #rt-tpg-container-4155281195 .isotope2 .rt-holder .overlay, #rt-tpg-container-4155281195 .carousel2 .rt-holder .overlay,#rt-tpg-container-4155281195 .layout15 .rt-holder h3, #rt-tpg-container-4155281195 .isotope11 .rt-holder h3, #rt-tpg-container-4155281195 .carousel11 .rt-holder h3, #rt-tpg-container-4155281195 .layout16 .rt-holder h3,\n\t\t\t\t\t#rt-tpg-container-4155281195 .isotope12 .rt-holder h3, #rt-tpg-container-4155281195 .carousel12 .rt-holder h3 {background-color:rgba(3,103,191,0.8);}#rt-tpg-container-4155281195 .read-more a{border-radius:px;}#rt-tpg-container-4155281195 .rt-img-holder img.rt-img-responsive,#rt-tpg-container-4155281195 .rt-img-holder,\n\t\t\t\t\t#rt-tpg-container-4155281195 .rt-post-overlay .post-img,\n\t\t\t\t\t#rt-tpg-container-4155281195 .post-sm .post-img,\n\t\t\t\t\t#rt-tpg-container-4155281195 .rt-post-grid .post-img,\n\t\t\t\t\t#rt-tpg-container-4155281195 .post-img img {border-radius:px;}<\/style><div class='rt-container-fluid rt-tpg-container tpg-shortcode-main-wrapper  loading' id='rt-tpg-container-4155281195'   data-layout='layout1' data-grid-style='even' data-desktop-col='3'  data-tab-col='2'  data-mobile-col='1' data-sc-id='1177'><div id=\"bottom-script-loader\" class=\"bottom-script-loader\"><div class=\"rt-ball-clip-rotate\"><div><\/div><\/div><\/div><div data-title='Loading ...' class='rt-row rt-content-loader   layout1 tpg-even '><div class=\"rt-col-md-4 rt-col-sm-6 rt-col-xs-12 even-grid-item rt-grid-item\" data-id=\"1131\"><div class=\"rt-holder\"><div class=\"rt-img-holder\"><a data-id=\"1131\" class=\"\" href=\"https:\/\/www.myweddinginitaly.info\/de\/legal-wedding-italy-anywhere\/\"><img loading=\"lazy\" decoding=\"async\" width=\"525\" height=\"350\" src=\"https:\/\/www.myweddinginitaly.info\/wp-content\/uploads\/2012\/10\/celebration-in-Moltalto.jpg\" class=\"rt-img-responsive \" alt=\"\" \/><\/a><\/div><div class='rt-detail'><h3 class=\"entry-title\"><a data-id=\"1131\" class=\"\" href=\"https:\/\/www.myweddinginitaly.info\/de\/legal-wedding-italy-anywhere\/\">(English) Legally Recognised Wedding Ceremonies in Italy \u2013 What Couples Should Know<\/a><\/h3><div class='post-meta-user  '><span class='date'><i class='far fa-calendar-alt '><\/i>Dezember 31, 2025<\/span><\/div><div class='tpg-excerpt'>Planning a wedding ceremony in Italy often raises an important question: Is it possible to combine a meaningful, personal ceremony...<\/div><div class='post-meta '><span class='read-more'><a data-id='1131' class='' href='https:\/\/www.myweddinginitaly.info\/de\/legal-wedding-italy-anywhere\/'>Read more<\/a><\/span><\/div><\/div><\/div><\/div><div class=\"rt-col-md-4 rt-col-sm-6 rt-col-xs-12 even-grid-item rt-grid-item\" data-id=\"1101\"><div class=\"rt-holder\"><div class=\"rt-img-holder\"><a data-id=\"1101\" class=\"\" href=\"https:\/\/www.myweddinginitaly.info\/de\/the-art-of-celebration-choosing-a-professional-wedding-celebrant\/\"><img loading=\"lazy\" decoding=\"async\" width=\"525\" height=\"350\" src=\"https:\/\/www.myweddinginitaly.info\/wp-content\/uploads\/2023\/12\/GinaRobert_AnnalisaBombardaPhotography-0077-1024x683.jpeg\" class=\"rt-img-responsive \" alt=\"Francesca celebrating a wedding\" \/><\/a><\/div><div class='rt-detail'><h3 class=\"entry-title\"><a data-id=\"1101\" class=\"\" href=\"https:\/\/www.myweddinginitaly.info\/de\/the-art-of-celebration-choosing-a-professional-wedding-celebrant\/\">Die Kunst des Feierns: Die Wahl eines Professionellen Hochzeitszeremonienleiters<\/a><\/h3><div class='post-meta-user  '><span class='date'><i class='far fa-calendar-alt '><\/i>Dezember 23, 2023<\/span><\/div><div class='tpg-excerpt'>Warum Ihr Hochzeitszeremonienleiter genauso wichtig ist wie der Veranstaltungsort Ihr Hochzeitstag ist ein Mosaik aus Momenten, jeder verwoben mit Emotionen...<\/div><div class='post-meta '><span class='read-more'><a data-id='1101' class='' href='https:\/\/www.myweddinginitaly.info\/de\/the-art-of-celebration-choosing-a-professional-wedding-celebrant\/'>Read more<\/a><\/span><\/div><\/div><\/div><\/div><\/div><\/div>\n","protected":false},"excerpt":{"rendered":"","protected":false},"author":1,"featured_media":0,"parent":0,"menu_order":0,"comment_status":"closed","ping_status":"closed","template":"","meta":{"_glsr_average":0,"_glsr_ranking":0,"_glsr_reviews":0,"footnotes":""},"class_list":["post-1178","page","type-page","status-publish","hentry"],"yoast_head":"<!-- This site is optimized with the Yoast SEO plugin v26.8 - https:\/\/yoast.com\/product\/yoast-seo-wordpress\/ -->\n<title>News - Hochzeitsredner in Italien<\/title>\n<meta name=\"robots\" content=\"index, follow, max-snippet:-1, max-image-preview:large, max-video-preview:-1\" \/>\n<link rel=\"canonical\" href=\"https:\/\/www.myweddinginitaly.info\/news\/\" \/>\n<meta property=\"og:locale\" content=\"de_DE\" \/>\n<meta property=\"og:type\" content=\"article\" \/>\n<meta property=\"og:title\" content=\"News - Hochzeitsredner in Italien\" \/>\n<meta property=\"og:url\" content=\"https:\/\/www.myweddinginitaly.info\/news\/\" \/>\n<meta property=\"og:site_name\" content=\"[:en]Wedding Celebrants in Italy [:it]Celebranti di Matrimonio in Italia [:fr]Officiants de Mariage en Italie [:pb]Celebrantes de Casamento na It\u00e1lia [:de]Hochzeitsredner in Italien [:ru]\u0421\u0432\u0430\u0434\u0435\u0431\u043d\u044b\u0435 \u0446\u0435\u0440\u0435\u043c\u043e\u043d\u0438\u0439\u043c\u0435\u0439\u0441\u0442\u0435\u0440\u044b \u0432 \u0418\u0442\u0430\u043b\u0438\u0438 [:es]Celebrantes de Bodas en Italia [:]\" \/>\n<meta property=\"article:publisher\" content=\"https:\/\/www.facebook.com\/ItalianWeddingCelebrant\" \/>\n<meta property=\"article:modified_time\" content=\"2025-12-31T12:09:12+00:00\" \/>\n<meta name=\"twitter:label1\" content=\"Gesch\u00e4tzte Lesezeit\" \/>\n\t<meta name=\"twitter:data1\" content=\"1\u00a0Minute\" \/>\n<script type=\"application\/ld+json\" class=\"yoast-schema-graph\">{\"@context\":\"https:\/\/schema.org\",\"@graph\":[{\"@type\":\"WebPage\",\"@id\":\"https:\/\/www.myweddinginitaly.info\/news\/\",\"url\":\"https:\/\/www.myweddinginitaly.info\/news\/\",\"name\":\"News - Hochzeitsredner in Italien\",\"isPartOf\":{\"@id\":\"https:\/\/www.myweddinginitaly.info\/#website\"},\"datePublished\":\"2024-11-09T18:09:24+00:00\",\"dateModified\":\"2025-12-31T12:09:12+00:00\",\"breadcrumb\":{\"@id\":\"https:\/\/www.myweddinginitaly.info\/news\/#breadcrumb\"},\"inLanguage\":\"de\",\"potentialAction\":[{\"@type\":\"ReadAction\",\"target\":[\"https:\/\/www.myweddinginitaly.info\/news\/\"]}]},{\"@type\":\"BreadcrumbList\",\"@id\":\"https:\/\/www.myweddinginitaly.info\/news\/#breadcrumb\",\"itemListElement\":[{\"@type\":\"ListItem\",\"position\":1,\"name\":\"Home\",\"item\":\"https:\/\/www.myweddinginitaly.info\/\"},{\"@type\":\"ListItem\",\"position\":2,\"name\":\"News\"}]},{\"@type\":\"WebSite\",\"@id\":\"https:\/\/www.myweddinginitaly.info\/#website\",\"url\":\"https:\/\/www.myweddinginitaly.info\/\",\"name\":\"[:en]Wedding Celebrants in Italy [:it]Celebranti di Matrimonio in Italia [:fr]Officiants de Mariage en Italie [:pb]Celebrantes de Casamento na It\u00e1lia [:de]Hochzeitsredner in Italien [:ru]\u0421\u0432\u0430\u0434\u0435\u0431\u043d\u044b\u0435 \u0446\u0435\u0440\u0435\u043c\u043e\u043d\u0438\u0439\u043c\u0435\u0439\u0441\u0442\u0435\u0440\u044b \u0432 \u0418\u0442\u0430\u043b\u0438\u0438 [:es]Celebrantes de Bodas en Italia [:]\",\"description\":\"[:en]Symbolic and civil wedding ceremonies celebrated in Italy, humanist and non-denominational. Friends of the LGBTQ+ community[:it]Cerimonie di matrimonio simboliche e civili celebrate in Italia, umaniste e laiche. Amici della comunit\u00e0 LGBTQ+[:fr]C\u00e9r\u00e9monies de mariage symboliques et civiles c\u00e9l\u00e9br\u00e9es en Italie, humanistes et non confessionnelles. Amis de la communaut\u00e9 LGBTQ+[:pb]Cerim\u00f4nias de casamento simb\u00f3licas e civis celebradas na It\u00e1lia, humanistas e n\u00e3o confessionais. Amigos da comunidade LGBTQ+[:de]Symbolische und zivile Hochzeitszeremonien in Italien, humanistisch und konfessionsfrei. Freunde der LGBTQ+-Community[:ru]\u0421\u0438\u043c\u0432\u043e\u043b\u0438\u0447\u0435\u0441\u043a\u0438\u0435 \u0438 \u0433\u0440\u0430\u0436\u0434\u0430\u043d\u0441\u043a\u0438\u0435 \u0441\u0432\u0430\u0434\u0435\u0431\u043d\u044b\u0435 \u0446\u0435\u0440\u0435\u043c\u043e\u043d\u0438\u0438 \u0432 \u0418\u0442\u0430\u043b\u0438\u0438, \u0433\u0443\u043c\u0430\u043d\u0438\u0441\u0442\u0438\u0447\u0435\u0441\u043a\u0438\u0435 \u0438 \u043d\u0435\u0440\u0435\u043b\u0438\u0433\u0438\u043e\u0437\u043d\u044b\u0435. \u0414\u0440\u0443\u0437\u044c\u044f \u0441\u043e\u043e\u0431\u0449\u0435\u0441\u0442\u0432\u0430 LGBTQ+[:es]Ceremonias de boda simb\u00f3licas y civiles, humanistas y laicas, incluidas ceremonias para parejas del mismo sexo, celebradas en toda Italia - amigos de la comunidad LGBTQ+[:]\",\"publisher\":{\"@id\":\"https:\/\/www.myweddinginitaly.info\/#organization\"},\"potentialAction\":[{\"@type\":\"SearchAction\",\"target\":{\"@type\":\"EntryPoint\",\"urlTemplate\":\"https:\/\/www.myweddinginitaly.info\/?s={search_term_string}\"},\"query-input\":{\"@type\":\"PropertyValueSpecification\",\"valueRequired\":true,\"valueName\":\"search_term_string\"}}],\"inLanguage\":\"de\"},{\"@type\":\"Organization\",\"@id\":\"https:\/\/www.myweddinginitaly.info\/#organization\",\"name\":\"Italian Wedding Celebrants\",\"url\":\"https:\/\/www.myweddinginitaly.info\/\",\"logo\":{\"@type\":\"ImageObject\",\"inLanguage\":\"de\",\"@id\":\"https:\/\/www.myweddinginitaly.info\/#\/schema\/logo\/image\/\",\"url\":\"https:\/\/www.myweddinginitaly.info\/wp-content\/uploads\/2015\/04\/Italian-Wedding-Celebrants-iwc.png\",\"contentUrl\":\"https:\/\/www.myweddinginitaly.info\/wp-content\/uploads\/2015\/04\/Italian-Wedding-Celebrants-iwc.png\",\"width\":160,\"height\":160,\"caption\":\"Italian Wedding Celebrants\"},\"image\":{\"@id\":\"https:\/\/www.myweddinginitaly.info\/#\/schema\/logo\/image\/\"},\"sameAs\":[\"https:\/\/www.facebook.com\/ItalianWeddingCelebrant\",\"https:\/\/www.youtube.com\/channel\/UCfEUmdfZUSqr1sBCFL9epLw\"]}]}<\/script>\n<!-- \/ Yoast SEO plugin. -->","yoast_head_json":{"title":"News - Hochzeitsredner in Italien","robots":{"index":"index","follow":"follow","max-snippet":"max-snippet:-1","max-image-preview":"max-image-preview:large","max-video-preview":"max-video-preview:-1"},"canonical":"https:\/\/www.myweddinginitaly.info\/news\/","og_locale":"de_DE","og_type":"article","og_title":"News - Hochzeitsredner in Italien","og_url":"https:\/\/www.myweddinginitaly.info\/news\/","og_site_name":"[:en]Wedding Celebrants in Italy [:it]Celebranti di Matrimonio in Italia [:fr]Officiants de Mariage en Italie [:pb]Celebrantes de Casamento na It\u00e1lia [:de]Hochzeitsredner in Italien [:ru]\u0421\u0432\u0430\u0434\u0435\u0431\u043d\u044b\u0435 \u0446\u0435\u0440\u0435\u043c\u043e\u043d\u0438\u0439\u043c\u0435\u0439\u0441\u0442\u0435\u0440\u044b \u0432 \u0418\u0442\u0430\u043b\u0438\u0438 [:es]Celebrantes de Bodas en Italia [:]","article_publisher":"https:\/\/www.facebook.com\/ItalianWeddingCelebrant","article_modified_time":"2025-12-31T12:09:12+00:00","twitter_misc":{"Gesch\u00e4tzte Lesezeit":"1\u00a0Minute"},"schema":{"@context":"https:\/\/schema.org","@graph":[{"@type":"WebPage","@id":"https:\/\/www.myweddinginitaly.info\/news\/","url":"https:\/\/www.myweddinginitaly.info\/news\/","name":"News - Hochzeitsredner in Italien","isPartOf":{"@id":"https:\/\/www.myweddinginitaly.info\/#website"},"datePublished":"2024-11-09T18:09:24+00:00","dateModified":"2025-12-31T12:09:12+00:00","breadcrumb":{"@id":"https:\/\/www.myweddinginitaly.info\/news\/#breadcrumb"},"inLanguage":"de","potentialAction":[{"@type":"ReadAction","target":["https:\/\/www.myweddinginitaly.info\/news\/"]}]},{"@type":"BreadcrumbList","@id":"https:\/\/www.myweddinginitaly.info\/news\/#breadcrumb","itemListElement":[{"@type":"ListItem","position":1,"name":"Home","item":"https:\/\/www.myweddinginitaly.info\/"},{"@type":"ListItem","position":2,"name":"News"}]},{"@type":"WebSite","@id":"https:\/\/www.myweddinginitaly.info\/#website","url":"https:\/\/www.myweddinginitaly.info\/","name":"[:en]Wedding Celebrants in Italy [:it]Celebranti di Matrimonio in Italia [:fr]Officiants de Mariage en Italie [:pb]Celebrantes de Casamento na It\u00e1lia [:de]Hochzeitsredner in Italien [:ru]\u0421\u0432\u0430\u0434\u0435\u0431\u043d\u044b\u0435 \u0446\u0435\u0440\u0435\u043c\u043e\u043d\u0438\u0439\u043c\u0435\u0439\u0441\u0442\u0435\u0440\u044b \u0432 \u0418\u0442\u0430\u043b\u0438\u0438 [:es]Celebrantes de Bodas en Italia [:]","description":"[:en]Symbolic and civil wedding ceremonies celebrated in Italy, humanist and non-denominational. Friends of the LGBTQ+ community[:it]Cerimonie di matrimonio simboliche e civili celebrate in Italia, umaniste e laiche. Amici della comunit\u00e0 LGBTQ+[:fr]C\u00e9r\u00e9monies de mariage symboliques et civiles c\u00e9l\u00e9br\u00e9es en Italie, humanistes et non confessionnelles. Amis de la communaut\u00e9 LGBTQ+[:pb]Cerim\u00f4nias de casamento simb\u00f3licas e civis celebradas na It\u00e1lia, humanistas e n\u00e3o confessionais. Amigos da comunidade LGBTQ+[:de]Symbolische und zivile Hochzeitszeremonien in Italien, humanistisch und konfessionsfrei. Freunde der LGBTQ+-Community[:ru]\u0421\u0438\u043c\u0432\u043e\u043b\u0438\u0447\u0435\u0441\u043a\u0438\u0435 \u0438 \u0433\u0440\u0430\u0436\u0434\u0430\u043d\u0441\u043a\u0438\u0435 \u0441\u0432\u0430\u0434\u0435\u0431\u043d\u044b\u0435 \u0446\u0435\u0440\u0435\u043c\u043e\u043d\u0438\u0438 \u0432 \u0418\u0442\u0430\u043b\u0438\u0438, \u0433\u0443\u043c\u0430\u043d\u0438\u0441\u0442\u0438\u0447\u0435\u0441\u043a\u0438\u0435 \u0438 \u043d\u0435\u0440\u0435\u043b\u0438\u0433\u0438\u043e\u0437\u043d\u044b\u0435. \u0414\u0440\u0443\u0437\u044c\u044f \u0441\u043e\u043e\u0431\u0449\u0435\u0441\u0442\u0432\u0430 LGBTQ+[:es]Ceremonias de boda simb\u00f3licas y civiles, humanistas y laicas, incluidas ceremonias para parejas del mismo sexo, celebradas en toda Italia - amigos de la comunidad LGBTQ+[:]","publisher":{"@id":"https:\/\/www.myweddinginitaly.info\/#organization"},"potentialAction":[{"@type":"SearchAction","target":{"@type":"EntryPoint","urlTemplate":"https:\/\/www.myweddinginitaly.info\/?s={search_term_string}"},"query-input":{"@type":"PropertyValueSpecification","valueRequired":true,"valueName":"search_term_string"}}],"inLanguage":"de"},{"@type":"Organization","@id":"https:\/\/www.myweddinginitaly.info\/#organization","name":"Italian Wedding Celebrants","url":"https:\/\/www.myweddinginitaly.info\/","logo":{"@type":"ImageObject","inLanguage":"de","@id":"https:\/\/www.myweddinginitaly.info\/#\/schema\/logo\/image\/","url":"https:\/\/www.myweddinginitaly.info\/wp-content\/uploads\/2015\/04\/Italian-Wedding-Celebrants-iwc.png","contentUrl":"https:\/\/www.myweddinginitaly.info\/wp-content\/uploads\/2015\/04\/Italian-Wedding-Celebrants-iwc.png","width":160,"height":160,"caption":"Italian Wedding Celebrants"},"image":{"@id":"https:\/\/www.myweddinginitaly.info\/#\/schema\/logo\/image\/"},"sameAs":["https:\/\/www.facebook.com\/ItalianWeddingCelebrant","https:\/\/www.youtube.com\/channel\/UCfEUmdfZUSqr1sBCFL9epLw"]}]}},"rttpg_featured_image_url":null,"rttpg_author":{"display_name":"Francesca","author_link":"https:\/\/www.myweddinginitaly.info\/de\/author\/efffettif\/"},"rttpg_comment":0,"rttpg_category":"","rttpg_excerpt":null,"_links":{"self":[{"href":"https:\/\/www.myweddinginitaly.info\/de\/wp-json\/wp\/v2\/pages\/1178","targetHints":{"allow":["GET"]}}],"collection":[{"href":"https:\/\/www.myweddinginitaly.info\/de\/wp-json\/wp\/v2\/pages"}],"about":[{"href":"https:\/\/www.myweddinginitaly.info\/de\/wp-json\/wp\/v2\/types\/page"}],"author":[{"embeddable":true,"href":"https:\/\/www.myweddinginitaly.info\/de\/wp-json\/wp\/v2\/users\/1"}],"replies":[{"embeddable":true,"href":"https:\/\/www.myweddinginitaly.info\/de\/wp-json\/wp\/v2\/comments?post=1178"}],"version-history":[{"count":5,"href":"https:\/\/www.myweddinginitaly.info\/de\/wp-json\/wp\/v2\/pages\/1178\/revisions"}],"predecessor-version":[{"id":1233,"href":"https:\/\/www.myweddinginitaly.info\/de\/wp-json\/wp\/v2\/pages\/1178\/revisions\/1233"}],"wp:attachment":[{"href":"https:\/\/www.myweddinginitaly.info\/de\/wp-json\/wp\/v2\/media?parent=1178"}],"curies":[{"name":"wp","href":"https:\/\/api.w.org\/{rel}","templated":true}]}}